{"id":48481,"date":"2025-05-22T07:15:19","date_gmt":"2025-05-22T07:15:19","guid":{"rendered":"https:\/\/strandproperties.com\/for-rent\/your-dream-holiday-home-awaits\/"},"modified":"2026-01-29T10:30:54","modified_gmt":"2026-01-29T10:30:54","slug":"la-casa-de-vacaciones-de-tu-suenos-te-espera","status":"publish","type":"page","link":"https:\/\/strandproperties.com\/es\/for-rent\/la-casa-de-vacaciones-de-tu-suenos-te-espera\/","title":{"rendered":"Tu casa de vacaciones so\u00f1ada te espera"},"content":{"rendered":"","protected":false},"excerpt":{"rendered":"","protected":false},"author":212,"featured_media":38504,"parent":32320,"menu_order":0,"comment_status":"closed","ping_status":"closed","template":"page-blocks-new.php","meta":{"_acf_changed":false,"footnotes":""},"class_list":["post-48481","page","type-page","status-publish","has-post-thumbnail","hentry"],"acf":[],"yoast_head":"<!-- This site is optimized with the Yoast SEO plugin v27.1.1 - https:\/\/yoast.com\/product\/yoast-seo-wordpress\/ -->\n<title>About Strand Rentals<\/title>\n<meta name=\"description\" content=\"Explora nuestra cuidada selecci\u00f3n de viviendas vacacionales en las zonas m\u00e1s exclusivas, desde Marbella hasta el casco antiguo de M\u00e1laga y m\u00e1s all\u00e1. Cada vivienda vacacional ha sido elegida por su confort, estilo y ubicaci\u00f3n, ofreci\u00e9ndote el entorno ideal para tu escapada a la costa del sol.\" \/>\n<meta name=\"robots\" content=\"index, follow, max-snippet:-1, max-image-preview:large, max-video-preview:-1\" \/>\n<link rel=\"canonical\" href=\"https:\/\/strandproperties.com\/es\/for-rent\/la-casa-de-vacaciones-de-tu-suenos-te-espera\/\" \/>\n<meta property=\"og:locale\" content=\"es_ES\" \/>\n<meta property=\"og:type\" content=\"article\" \/>\n<meta property=\"og:title\" content=\"About Strand Rentals\" \/>\n<meta property=\"og:description\" content=\"Explora nuestra cuidada selecci\u00f3n de viviendas vacacionales en las zonas m\u00e1s exclusivas, desde Marbella hasta el casco antiguo de M\u00e1laga y m\u00e1s all\u00e1. Cada vivienda vacacional ha sido elegida por su confort, estilo y ubicaci\u00f3n, ofreci\u00e9ndote el entorno ideal para tu escapada a la costa del sol.\" \/>\n<meta property=\"og:url\" content=\"https:\/\/strandproperties.com\/es\/for-rent\/la-casa-de-vacaciones-de-tu-suenos-te-espera\/\" \/>\n<meta property=\"og:site_name\" content=\"Strand Properties\" \/>\n<meta property=\"article:publisher\" content=\"https:\/\/www.facebook.com\/strandspain\/\" \/>\n<meta property=\"article:modified_time\" content=\"2026-01-29T10:30:54+00:00\" \/>\n<meta property=\"og:image\" content=\"https:\/\/strandproperties.com\/wp-content\/uploads\/2025\/05\/4s9a8842-scaled.jpg\" \/>\n\t<meta property=\"og:image:width\" content=\"1707\" \/>\n\t<meta property=\"og:image:height\" content=\"2560\" \/>\n\t<meta property=\"og:image:type\" content=\"image\/jpeg\" \/>\n<meta name=\"twitter:card\" content=\"summary_large_image\" \/>\n<meta name=\"twitter:label1\" content=\"Tiempo de lectura\" \/>\n\t<meta name=\"twitter:data1\" content=\"1 minuto\" \/>\n<script type=\"application\/ld+json\" class=\"yoast-schema-graph\">{\"@context\":\"https:\/\/schema.org\",\"@graph\":[{\"@type\":\"WebPage\",\"@id\":\"https:\/\/strandproperties.com\/es\/for-rent\/la-casa-de-vacaciones-de-tu-suenos-te-espera\/\",\"url\":\"https:\/\/strandproperties.com\/es\/for-rent\/la-casa-de-vacaciones-de-tu-suenos-te-espera\/\",\"name\":\"About Strand Rentals\",\"isPartOf\":{\"@id\":\"https:\/\/strandproperties.com\/fi\/#website\"},\"primaryImageOfPage\":{\"@id\":\"https:\/\/strandproperties.com\/es\/for-rent\/la-casa-de-vacaciones-de-tu-suenos-te-espera\/#primaryimage\"},\"image\":{\"@id\":\"https:\/\/strandproperties.com\/es\/for-rent\/la-casa-de-vacaciones-de-tu-suenos-te-espera\/#primaryimage\"},\"thumbnailUrl\":\"https:\/\/strandproperties.com\/wp-content\/uploads\/2025\/05\/4s9a8842-scaled.jpg\",\"datePublished\":\"2025-05-22T07:15:19+00:00\",\"dateModified\":\"2026-01-29T10:30:54+00:00\",\"description\":\"Explora nuestra cuidada selecci\u00f3n de viviendas vacacionales en las zonas m\u00e1s exclusivas, desde Marbella hasta el casco antiguo de M\u00e1laga y m\u00e1s all\u00e1. Cada vivienda vacacional ha sido elegida por su confort, estilo y ubicaci\u00f3n, ofreci\u00e9ndote el entorno ideal para tu escapada a la costa del sol.\",\"breadcrumb\":{\"@id\":\"https:\/\/strandproperties.com\/es\/for-rent\/la-casa-de-vacaciones-de-tu-suenos-te-espera\/#breadcrumb\"},\"inLanguage\":\"es\",\"potentialAction\":[{\"@type\":\"ReadAction\",\"target\":[\"https:\/\/strandproperties.com\/es\/for-rent\/la-casa-de-vacaciones-de-tu-suenos-te-espera\/\"]}]},{\"@type\":\"ImageObject\",\"inLanguage\":\"es\",\"@id\":\"https:\/\/strandproperties.com\/es\/for-rent\/la-casa-de-vacaciones-de-tu-suenos-te-espera\/#primaryimage\",\"url\":\"https:\/\/strandproperties.com\/wp-content\/uploads\/2025\/05\/4s9a8842-scaled.jpg\",\"contentUrl\":\"https:\/\/strandproperties.com\/wp-content\/uploads\/2025\/05\/4s9a8842-scaled.jpg\",\"width\":1707,\"height\":2560},{\"@type\":\"BreadcrumbList\",\"@id\":\"https:\/\/strandproperties.com\/es\/for-rent\/la-casa-de-vacaciones-de-tu-suenos-te-espera\/#breadcrumb\",\"itemListElement\":[{\"@type\":\"ListItem\",\"position\":1,\"name\":\"Home\",\"item\":\"https:\/\/strandproperties.com\/es\/\"},{\"@type\":\"ListItem\",\"position\":2,\"name\":\"For Rent\",\"item\":\"https:\/\/strandproperties.com\/es\/for-rent\/\"},{\"@type\":\"ListItem\",\"position\":3,\"name\":\"Tu casa de vacaciones so\u00f1ada te espera\"}]},{\"@type\":\"WebSite\",\"@id\":\"https:\/\/strandproperties.com\/fi\/#website\",\"url\":\"https:\/\/strandproperties.com\/fi\/\",\"name\":\"Strand Properties\",\"description\":\"-\",\"publisher\":{\"@id\":\"https:\/\/strandproperties.com\/fi\/#organization\"},\"potentialAction\":[{\"@type\":\"SearchAction\",\"target\":{\"@type\":\"EntryPoint\",\"urlTemplate\":\"https:\/\/strandproperties.com\/fi\/?s={search_term_string}\"},\"query-input\":{\"@type\":\"PropertyValueSpecification\",\"valueRequired\":true,\"valueName\":\"search_term_string\"}}],\"inLanguage\":\"es\"},{\"@type\":\"Organization\",\"@id\":\"https:\/\/strandproperties.com\/fi\/#organization\",\"name\":\"Strand Properties\",\"url\":\"https:\/\/strandproperties.com\/fi\/\",\"logo\":{\"@type\":\"ImageObject\",\"inLanguage\":\"es\",\"@id\":\"https:\/\/strandproperties.com\/fi\/#\/schema\/logo\/image\/\",\"url\":\"https:\/\/strandproperties.com\/wp-content\/uploads\/2020\/06\/strand-properties-logo.jpg\",\"contentUrl\":\"https:\/\/strandproperties.com\/wp-content\/uploads\/2020\/06\/strand-properties-logo.jpg\",\"width\":1200,\"height\":750,\"caption\":\"Strand Properties\"},\"image\":{\"@id\":\"https:\/\/strandproperties.com\/fi\/#\/schema\/logo\/image\/\"},\"sameAs\":[\"https:\/\/www.facebook.com\/strandspain\/\",\"https:\/\/www.instagram.com\/strandproperties\/\"]}]}<\/script>\n<!-- \/ Yoast SEO plugin. -->","yoast_head_json":{"title":"About Strand Rentals","description":"Explora nuestra cuidada selecci\u00f3n de viviendas vacacionales en las zonas m\u00e1s exclusivas, desde Marbella hasta el casco antiguo de M\u00e1laga y m\u00e1s all\u00e1. Cada vivienda vacacional ha sido elegida por su confort, estilo y ubicaci\u00f3n, ofreci\u00e9ndote el entorno ideal para tu escapada a la costa del sol.","robots":{"index":"index","follow":"follow","max-snippet":"max-snippet:-1","max-image-preview":"max-image-preview:large","max-video-preview":"max-video-preview:-1"},"canonical":"https:\/\/strandproperties.com\/es\/for-rent\/la-casa-de-vacaciones-de-tu-suenos-te-espera\/","og_locale":"es_ES","og_type":"article","og_title":"About Strand Rentals","og_description":"Explora nuestra cuidada selecci\u00f3n de viviendas vacacionales en las zonas m\u00e1s exclusivas, desde Marbella hasta el casco antiguo de M\u00e1laga y m\u00e1s all\u00e1. Cada vivienda vacacional ha sido elegida por su confort, estilo y ubicaci\u00f3n, ofreci\u00e9ndote el entorno ideal para tu escapada a la costa del sol.","og_url":"https:\/\/strandproperties.com\/es\/for-rent\/la-casa-de-vacaciones-de-tu-suenos-te-espera\/","og_site_name":"Strand Properties","article_publisher":"https:\/\/www.facebook.com\/strandspain\/","article_modified_time":"2026-01-29T10:30:54+00:00","og_image":[{"width":1707,"height":2560,"url":"https:\/\/strandproperties.com\/wp-content\/uploads\/2025\/05\/4s9a8842-scaled.jpg","type":"image\/jpeg"}],"twitter_card":"summary_large_image","twitter_misc":{"Tiempo de lectura":"1 minuto"},"schema":{"@context":"https:\/\/schema.org","@graph":[{"@type":"WebPage","@id":"https:\/\/strandproperties.com\/es\/for-rent\/la-casa-de-vacaciones-de-tu-suenos-te-espera\/","url":"https:\/\/strandproperties.com\/es\/for-rent\/la-casa-de-vacaciones-de-tu-suenos-te-espera\/","name":"About Strand Rentals","isPartOf":{"@id":"https:\/\/strandproperties.com\/fi\/#website"},"primaryImageOfPage":{"@id":"https:\/\/strandproperties.com\/es\/for-rent\/la-casa-de-vacaciones-de-tu-suenos-te-espera\/#primaryimage"},"image":{"@id":"https:\/\/strandproperties.com\/es\/for-rent\/la-casa-de-vacaciones-de-tu-suenos-te-espera\/#primaryimage"},"thumbnailUrl":"https:\/\/strandproperties.com\/wp-content\/uploads\/2025\/05\/4s9a8842-scaled.jpg","datePublished":"2025-05-22T07:15:19+00:00","dateModified":"2026-01-29T10:30:54+00:00","description":"Explora nuestra cuidada selecci\u00f3n de viviendas vacacionales en las zonas m\u00e1s exclusivas, desde Marbella hasta el casco antiguo de M\u00e1laga y m\u00e1s all\u00e1. Cada vivienda vacacional ha sido elegida por su confort, estilo y ubicaci\u00f3n, ofreci\u00e9ndote el entorno ideal para tu escapada a la costa del sol.","breadcrumb":{"@id":"https:\/\/strandproperties.com\/es\/for-rent\/la-casa-de-vacaciones-de-tu-suenos-te-espera\/#breadcrumb"},"inLanguage":"es","potentialAction":[{"@type":"ReadAction","target":["https:\/\/strandproperties.com\/es\/for-rent\/la-casa-de-vacaciones-de-tu-suenos-te-espera\/"]}]},{"@type":"ImageObject","inLanguage":"es","@id":"https:\/\/strandproperties.com\/es\/for-rent\/la-casa-de-vacaciones-de-tu-suenos-te-espera\/#primaryimage","url":"https:\/\/strandproperties.com\/wp-content\/uploads\/2025\/05\/4s9a8842-scaled.jpg","contentUrl":"https:\/\/strandproperties.com\/wp-content\/uploads\/2025\/05\/4s9a8842-scaled.jpg","width":1707,"height":2560},{"@type":"BreadcrumbList","@id":"https:\/\/strandproperties.com\/es\/for-rent\/la-casa-de-vacaciones-de-tu-suenos-te-espera\/#breadcrumb","itemListElement":[{"@type":"ListItem","position":1,"name":"Home","item":"https:\/\/strandproperties.com\/es\/"},{"@type":"ListItem","position":2,"name":"For Rent","item":"https:\/\/strandproperties.com\/es\/for-rent\/"},{"@type":"ListItem","position":3,"name":"Tu casa de vacaciones so\u00f1ada te espera"}]},{"@type":"WebSite","@id":"https:\/\/strandproperties.com\/fi\/#website","url":"https:\/\/strandproperties.com\/fi\/","name":"Strand Properties","description":"-","publisher":{"@id":"https:\/\/strandproperties.com\/fi\/#organization"},"potentialAction":[{"@type":"SearchAction","target":{"@type":"EntryPoint","urlTemplate":"https:\/\/strandproperties.com\/fi\/?s={search_term_string}"},"query-input":{"@type":"PropertyValueSpecification","valueRequired":true,"valueName":"search_term_string"}}],"inLanguage":"es"},{"@type":"Organization","@id":"https:\/\/strandproperties.com\/fi\/#organization","name":"Strand Properties","url":"https:\/\/strandproperties.com\/fi\/","logo":{"@type":"ImageObject","inLanguage":"es","@id":"https:\/\/strandproperties.com\/fi\/#\/schema\/logo\/image\/","url":"https:\/\/strandproperties.com\/wp-content\/uploads\/2020\/06\/strand-properties-logo.jpg","contentUrl":"https:\/\/strandproperties.com\/wp-content\/uploads\/2020\/06\/strand-properties-logo.jpg","width":1200,"height":750,"caption":"Strand Properties"},"image":{"@id":"https:\/\/strandproperties.com\/fi\/#\/schema\/logo\/image\/"},"sameAs":["https:\/\/www.facebook.com\/strandspain\/","https:\/\/www.instagram.com\/strandproperties\/"]}]}},"_links":{"self":[{"href":"https:\/\/strandproperties.com\/es\/wp-json\/wp\/v2\/pages\/48481","targetHints":{"allow":["GET"]}}],"collection":[{"href":"https:\/\/strandproperties.com\/es\/wp-json\/wp\/v2\/pages"}],"about":[{"href":"https:\/\/strandproperties.com\/es\/wp-json\/wp\/v2\/types\/page"}],"author":[{"embeddable":true,"href":"https:\/\/strandproperties.com\/es\/wp-json\/wp\/v2\/users\/212"}],"replies":[{"embeddable":true,"href":"https:\/\/strandproperties.com\/es\/wp-json\/wp\/v2\/comments?post=48481"}],"version-history":[{"count":4,"href":"https:\/\/strandproperties.com\/es\/wp-json\/wp\/v2\/pages\/48481\/revisions"}],"predecessor-version":[{"id":49957,"href":"https:\/\/strandproperties.com\/es\/wp-json\/wp\/v2\/pages\/48481\/revisions\/49957"}],"up":[{"embeddable":true,"href":"https:\/\/strandproperties.com\/es\/wp-json\/wp\/v2\/pages\/32320"}],"wp:featuredmedia":[{"embeddable":true,"href":"https:\/\/strandproperties.com\/es\/wp-json\/wp\/v2\/media\/38504"}],"wp:attachment":[{"href":"https:\/\/strandproperties.com\/es\/wp-json\/wp\/v2\/media?parent=48481"}],"curies":[{"name":"wp","href":"https:\/\/api.w.org\/{rel}","templated":true}]}}