{"id":2935,"date":"2020-08-03T21:23:06","date_gmt":"2020-08-03T21:23:06","guid":{"rendered":"https:\/\/strandproperties.com\/venda-con-nosotros\/"},"modified":"2024-06-27T03:27:20","modified_gmt":"2024-06-27T03:27:20","slug":"myy-kanssamme","status":"publish","type":"page","link":"https:\/\/strandproperties.com\/fi\/myy-kanssamme\/","title":{"rendered":"Asuntosi arvoinen kiinteist\u00f6nv\u00e4litt\u00e4j\u00e4"},"content":{"rendered":"","protected":false},"excerpt":{"rendered":"","protected":false},"author":3,"featured_media":0,"parent":0,"menu_order":0,"comment_status":"closed","ping_status":"closed","template":"page-blocks-new.php","meta":{"_acf_changed":false,"footnotes":""},"class_list":["post-2935","page","type-page","status-publish","hentry"],"acf":[],"yoast_head":"<!-- This site is optimized with the Yoast SEO plugin v27.1.1 - https:\/\/yoast.com\/product\/yoast-seo-wordpress\/ -->\n<title>Asuntosi arvoinen kiinteist\u00f6nv\u00e4litt\u00e4j\u00e4 - Strand Properties<\/title>\n<meta name=\"description\" content=\"Strand Properties on ensiluokkaiseen palveluun, oikeanlaisiin asuntomielikuviin javahvaan kokemukseen perustuva kiinteist\u00f6nv\u00e4litt\u00e4j\u00e4, joka toimii Suomessa jakansainv\u00e4lisesti. Sinun asuntosi on jonkun toisen unelmakohde, ja me Strandillahaluamme varmistaa, ett\u00e4 sinun asuntosi menee kaupaksi sen arvoisella tavalla.\" \/>\n<meta name=\"robots\" content=\"index, follow, max-snippet:-1, max-image-preview:large, max-video-preview:-1\" \/>\n<link rel=\"canonical\" href=\"https:\/\/strandproperties.com\/fi\/myy-kanssamme\/\" \/>\n<meta property=\"og:locale\" content=\"fi_FI\" \/>\n<meta property=\"og:type\" content=\"article\" \/>\n<meta property=\"og:title\" content=\"Asuntosi arvoinen kiinteist\u00f6nv\u00e4litt\u00e4j\u00e4 - Strand Properties\" \/>\n<meta property=\"og:description\" content=\"Strand Properties on ensiluokkaiseen palveluun, oikeanlaisiin asuntomielikuviin javahvaan kokemukseen perustuva kiinteist\u00f6nv\u00e4litt\u00e4j\u00e4, joka toimii Suomessa jakansainv\u00e4lisesti. Sinun asuntosi on jonkun toisen unelmakohde, ja me Strandillahaluamme varmistaa, ett\u00e4 sinun asuntosi menee kaupaksi sen arvoisella tavalla.\" \/>\n<meta property=\"og:url\" content=\"https:\/\/strandproperties.com\/fi\/myy-kanssamme\/\" \/>\n<meta property=\"og:site_name\" content=\"Strand Properties\" \/>\n<meta property=\"article:publisher\" content=\"https:\/\/www.facebook.com\/strandspain\/\" \/>\n<meta property=\"article:modified_time\" content=\"2024-06-27T03:27:20+00:00\" \/>\n<meta property=\"og:image\" content=\"https:\/\/strandproperties.com\/wp-content\/uploads\/2020\/06\/strand-properties-logo.jpg\" \/>\n\t<meta property=\"og:image:width\" content=\"1200\" \/>\n\t<meta property=\"og:image:height\" content=\"750\" \/>\n\t<meta property=\"og:image:type\" content=\"image\/jpeg\" \/>\n<meta name=\"twitter:card\" content=\"summary_large_image\" \/>\n<script type=\"application\/ld+json\" class=\"yoast-schema-graph\">{\"@context\":\"https:\/\/schema.org\",\"@graph\":[{\"@type\":\"WebPage\",\"@id\":\"https:\/\/strandproperties.com\/fi\/myy-kanssamme\/\",\"url\":\"https:\/\/strandproperties.com\/fi\/myy-kanssamme\/\",\"name\":\"Asuntosi arvoinen kiinteist\u00f6nv\u00e4litt\u00e4j\u00e4 - Strand Properties\",\"isPartOf\":{\"@id\":\"https:\/\/strandproperties.com\/fi\/#website\"},\"datePublished\":\"2020-08-03T21:23:06+00:00\",\"dateModified\":\"2024-06-27T03:27:20+00:00\",\"description\":\"Strand Properties on ensiluokkaiseen palveluun, oikeanlaisiin asuntomielikuviin javahvaan kokemukseen perustuva kiinteist\u00f6nv\u00e4litt\u00e4j\u00e4, joka toimii Suomessa jakansainv\u00e4lisesti. Sinun asuntosi on jonkun toisen unelmakohde, ja me Strandillahaluamme varmistaa, ett\u00e4 sinun asuntosi menee kaupaksi sen arvoisella tavalla.\",\"breadcrumb\":{\"@id\":\"https:\/\/strandproperties.com\/fi\/myy-kanssamme\/#breadcrumb\"},\"inLanguage\":\"fi\",\"potentialAction\":[{\"@type\":\"ReadAction\",\"target\":[\"https:\/\/strandproperties.com\/fi\/myy-kanssamme\/\"]}]},{\"@type\":\"BreadcrumbList\",\"@id\":\"https:\/\/strandproperties.com\/fi\/myy-kanssamme\/#breadcrumb\",\"itemListElement\":[{\"@type\":\"ListItem\",\"position\":1,\"name\":\"Home\",\"item\":\"https:\/\/strandproperties.com\/fi\/\"},{\"@type\":\"ListItem\",\"position\":2,\"name\":\"Asuntosi arvoinen kiinteist\u00f6nv\u00e4litt\u00e4j\u00e4\"}]},{\"@type\":\"WebSite\",\"@id\":\"https:\/\/strandproperties.com\/fi\/#website\",\"url\":\"https:\/\/strandproperties.com\/fi\/\",\"name\":\"Strand Properties\",\"description\":\"-\",\"publisher\":{\"@id\":\"https:\/\/strandproperties.com\/fi\/#organization\"},\"potentialAction\":[{\"@type\":\"SearchAction\",\"target\":{\"@type\":\"EntryPoint\",\"urlTemplate\":\"https:\/\/strandproperties.com\/fi\/?s={search_term_string}\"},\"query-input\":{\"@type\":\"PropertyValueSpecification\",\"valueRequired\":true,\"valueName\":\"search_term_string\"}}],\"inLanguage\":\"fi\"},{\"@type\":\"Organization\",\"@id\":\"https:\/\/strandproperties.com\/fi\/#organization\",\"name\":\"Strand Properties\",\"url\":\"https:\/\/strandproperties.com\/fi\/\",\"logo\":{\"@type\":\"ImageObject\",\"inLanguage\":\"fi\",\"@id\":\"https:\/\/strandproperties.com\/fi\/#\/schema\/logo\/image\/\",\"url\":\"https:\/\/strandproperties.com\/wp-content\/uploads\/2020\/06\/strand-properties-logo.jpg\",\"contentUrl\":\"https:\/\/strandproperties.com\/wp-content\/uploads\/2020\/06\/strand-properties-logo.jpg\",\"width\":1200,\"height\":750,\"caption\":\"Strand Properties\"},\"image\":{\"@id\":\"https:\/\/strandproperties.com\/fi\/#\/schema\/logo\/image\/\"},\"sameAs\":[\"https:\/\/www.facebook.com\/strandspain\/\",\"https:\/\/www.instagram.com\/strandproperties\/\"]}]}<\/script>\n<!-- \/ Yoast SEO plugin. -->","yoast_head_json":{"title":"Asuntosi arvoinen kiinteist\u00f6nv\u00e4litt\u00e4j\u00e4 - Strand Properties","description":"Strand Properties on ensiluokkaiseen palveluun, oikeanlaisiin asuntomielikuviin javahvaan kokemukseen perustuva kiinteist\u00f6nv\u00e4litt\u00e4j\u00e4, joka toimii Suomessa jakansainv\u00e4lisesti. Sinun asuntosi on jonkun toisen unelmakohde, ja me Strandillahaluamme varmistaa, ett\u00e4 sinun asuntosi menee kaupaksi sen arvoisella tavalla.","robots":{"index":"index","follow":"follow","max-snippet":"max-snippet:-1","max-image-preview":"max-image-preview:large","max-video-preview":"max-video-preview:-1"},"canonical":"https:\/\/strandproperties.com\/fi\/myy-kanssamme\/","og_locale":"fi_FI","og_type":"article","og_title":"Asuntosi arvoinen kiinteist\u00f6nv\u00e4litt\u00e4j\u00e4 - Strand Properties","og_description":"Strand Properties on ensiluokkaiseen palveluun, oikeanlaisiin asuntomielikuviin javahvaan kokemukseen perustuva kiinteist\u00f6nv\u00e4litt\u00e4j\u00e4, joka toimii Suomessa jakansainv\u00e4lisesti. Sinun asuntosi on jonkun toisen unelmakohde, ja me Strandillahaluamme varmistaa, ett\u00e4 sinun asuntosi menee kaupaksi sen arvoisella tavalla.","og_url":"https:\/\/strandproperties.com\/fi\/myy-kanssamme\/","og_site_name":"Strand Properties","article_publisher":"https:\/\/www.facebook.com\/strandspain\/","article_modified_time":"2024-06-27T03:27:20+00:00","og_image":[{"width":1200,"height":750,"url":"https:\/\/strandproperties.com\/wp-content\/uploads\/2020\/06\/strand-properties-logo.jpg","type":"image\/jpeg"}],"twitter_card":"summary_large_image","schema":{"@context":"https:\/\/schema.org","@graph":[{"@type":"WebPage","@id":"https:\/\/strandproperties.com\/fi\/myy-kanssamme\/","url":"https:\/\/strandproperties.com\/fi\/myy-kanssamme\/","name":"Asuntosi arvoinen kiinteist\u00f6nv\u00e4litt\u00e4j\u00e4 - Strand Properties","isPartOf":{"@id":"https:\/\/strandproperties.com\/fi\/#website"},"datePublished":"2020-08-03T21:23:06+00:00","dateModified":"2024-06-27T03:27:20+00:00","description":"Strand Properties on ensiluokkaiseen palveluun, oikeanlaisiin asuntomielikuviin javahvaan kokemukseen perustuva kiinteist\u00f6nv\u00e4litt\u00e4j\u00e4, joka toimii Suomessa jakansainv\u00e4lisesti. Sinun asuntosi on jonkun toisen unelmakohde, ja me Strandillahaluamme varmistaa, ett\u00e4 sinun asuntosi menee kaupaksi sen arvoisella tavalla.","breadcrumb":{"@id":"https:\/\/strandproperties.com\/fi\/myy-kanssamme\/#breadcrumb"},"inLanguage":"fi","potentialAction":[{"@type":"ReadAction","target":["https:\/\/strandproperties.com\/fi\/myy-kanssamme\/"]}]},{"@type":"BreadcrumbList","@id":"https:\/\/strandproperties.com\/fi\/myy-kanssamme\/#breadcrumb","itemListElement":[{"@type":"ListItem","position":1,"name":"Home","item":"https:\/\/strandproperties.com\/fi\/"},{"@type":"ListItem","position":2,"name":"Asuntosi arvoinen kiinteist\u00f6nv\u00e4litt\u00e4j\u00e4"}]},{"@type":"WebSite","@id":"https:\/\/strandproperties.com\/fi\/#website","url":"https:\/\/strandproperties.com\/fi\/","name":"Strand Properties","description":"-","publisher":{"@id":"https:\/\/strandproperties.com\/fi\/#organization"},"potentialAction":[{"@type":"SearchAction","target":{"@type":"EntryPoint","urlTemplate":"https:\/\/strandproperties.com\/fi\/?s={search_term_string}"},"query-input":{"@type":"PropertyValueSpecification","valueRequired":true,"valueName":"search_term_string"}}],"inLanguage":"fi"},{"@type":"Organization","@id":"https:\/\/strandproperties.com\/fi\/#organization","name":"Strand Properties","url":"https:\/\/strandproperties.com\/fi\/","logo":{"@type":"ImageObject","inLanguage":"fi","@id":"https:\/\/strandproperties.com\/fi\/#\/schema\/logo\/image\/","url":"https:\/\/strandproperties.com\/wp-content\/uploads\/2020\/06\/strand-properties-logo.jpg","contentUrl":"https:\/\/strandproperties.com\/wp-content\/uploads\/2020\/06\/strand-properties-logo.jpg","width":1200,"height":750,"caption":"Strand Properties"},"image":{"@id":"https:\/\/strandproperties.com\/fi\/#\/schema\/logo\/image\/"},"sameAs":["https:\/\/www.facebook.com\/strandspain\/","https:\/\/www.instagram.com\/strandproperties\/"]}]}},"_links":{"self":[{"href":"https:\/\/strandproperties.com\/fi\/wp-json\/wp\/v2\/pages\/2935","targetHints":{"allow":["GET"]}}],"collection":[{"href":"https:\/\/strandproperties.com\/fi\/wp-json\/wp\/v2\/pages"}],"about":[{"href":"https:\/\/strandproperties.com\/fi\/wp-json\/wp\/v2\/types\/page"}],"author":[{"embeddable":true,"href":"https:\/\/strandproperties.com\/fi\/wp-json\/wp\/v2\/users\/3"}],"replies":[{"embeddable":true,"href":"https:\/\/strandproperties.com\/fi\/wp-json\/wp\/v2\/comments?post=2935"}],"version-history":[{"count":10,"href":"https:\/\/strandproperties.com\/fi\/wp-json\/wp\/v2\/pages\/2935\/revisions"}],"predecessor-version":[{"id":33345,"href":"https:\/\/strandproperties.com\/fi\/wp-json\/wp\/v2\/pages\/2935\/revisions\/33345"}],"wp:attachment":[{"href":"https:\/\/strandproperties.com\/fi\/wp-json\/wp\/v2\/media?parent=2935"}],"curies":[{"name":"wp","href":"https:\/\/api.w.org\/{rel}","templated":true}]}}