{"id":33644,"date":"2020-06-25T15:59:08","date_gmt":"2020-06-25T15:59:08","guid":{"rendered":"https:\/\/strandproperties.com\/privacy\/"},"modified":"2025-03-17T08:17:12","modified_gmt":"2025-03-17T08:17:12","slug":"tietosuojaseloste","status":"publish","type":"page","link":"https:\/\/strandproperties.com\/fi\/tietosuojaseloste\/","title":{"rendered":"Tietosuojaseloste"},"content":{"rendered":"<p>T\u00e4m\u00e4 on EU:n yleisen tietosuoja-asetuksen (679\/2016) mukainen selvitys henkil\u00f6tietojen k\u00e4sittelyst\u00e4.<\/p>\n<h2>Rekisterinpit\u00e4j\u00e4<\/h2>\n<p>Strand Family Group Oy<br \/>\nY-tunnus: 3265773-6<br \/>\nosoite: Rantakatu 20, 21100 Naantali<br \/>\ns\u00e4hk\u00f6posti: info@strand.fi<\/p>\n<h2>Tietosuoja-asioita koskevat yhteydenotot<\/h2>\n<p>Kaikissa henkil\u00f6tietojen k\u00e4sittelyyn liittyviss\u00e4 kysymyksiss\u00e4 ja omien oikeuksien k\u00e4ytt\u00e4miseen liittyviss\u00e4 tilanteissa rekister\u00f6idyn tulee ottaa yhteytt\u00e4 rekisterinpit\u00e4j\u00e4\u00e4n kirjallisesti l\u00e4hett\u00e4m\u00e4ll\u00e4 s\u00e4hk\u00f6postia asiakaspalveluun osoitteeseen: info@strand.fi<\/p>\n<h2>Henkil\u00f6tietojen k\u00e4sittelyn peruste ja tarkoitus<\/h2>\n<p>Henkil\u00f6tietojen k\u00e4sittelyn oikeusperusteena on:<\/p>\n<ul>\n<li>Rekister\u00f6idyn antama suostumus henkil\u00f6tietojen k\u00e4sittelyyn<\/li>\n<li>Rekister\u00f6idyn ja rekisterinpit\u00e4j\u00e4n v\u00e4linen sopimussuhde<\/li>\n<li>Rekisterinpit\u00e4j\u00e4n lakis\u00e4\u00e4teisten velvoitteiden toteuttaminen<\/li>\n<li>Rekisterinpit\u00e4j\u00e4n oikeutettu etu, joka perustuu mm. asiakassuhteen hoitamiseen, toimeksiannon toteuttamiseen, markkinointiin, palveluiden kehitt\u00e4miseen, liiketoiminnan suunnitteluun, riskienhallintaan taikka kolmannen osapuolen oikeutettuun etuun<\/li>\n<\/ul>\n<p>Henkil\u00f6tietojen k\u00e4sittelyn tarkoituksiin kuuluvat mm:<\/p>\n<ul>\n<li>Asiakassuhteiden ja toimeksiantojen hoitaminen<\/li>\n<li>Palveluiden tuottaminen, tarjoaminen, kehitt\u00e4minen ja laadunvarmistus<\/li>\n<li>Toimeksiantojen suorittamiseen liittyv\u00e4t toimenpiteet toimeksiantajan vastapuolen tai muun asiaan liittyv\u00e4n tahon kanssa<\/li>\n<li>Markkinointi mukaan lukien suoramarkkinointi, markkinoinnin kohdentaminen asiakkaille ja potentiaalisille asiakkaille sek\u00e4 markkinoinnin suunnittelu<\/li>\n<li>Liiketoiminnan suunnittelu sek\u00e4 palveluiden raportointi ja analytiikka<\/li>\n<li>Lakis\u00e4\u00e4teisten velvollisuuksien noudattaminen liittyen mm verolains\u00e4\u00e4d\u00e4nt\u00f6\u00f6n, kiinteist\u00f6nv\u00e4litysliikkeit\u00e4 koskevaan lains\u00e4\u00e4d\u00e4nt\u00f6\u00f6n sek\u00e4 lakiin rahanpesun ja terrorismin rahoituksen est\u00e4misest\u00e4<\/li>\n<\/ul>\n<h2>S\u00e4\u00e4nn\u00f6nmukaiset tietol\u00e4hteet<\/h2>\n<p>K\u00e4sitelt\u00e4v\u00e4t henkil\u00f6tiedot saadaan s\u00e4\u00e4nn\u00f6nmukaisesti seuraavista l\u00e4hteist\u00e4:<\/p>\n<ul>\n<li>Rekister\u00f6idylt\u00e4 itselt\u00e4\u00e4n<\/li>\n<li>Kaupparekisterist\u00e4<\/li>\n<li>Digi- ja v\u00e4est\u00f6tietovirastosta<\/li>\n<li>Luottotietorekistereist\u00e4<\/li>\n<li>Muista julkisista, yksityisist\u00e4 tai kaupallisista rekistereist\u00e4<\/li>\n<li>Is\u00e4nn\u00f6itsij\u00e4toimistoilta tai muilta toimeksiantoon liittyvilt\u00e4 tahoilta<\/li>\n<li>Rekisterinpit\u00e4j\u00e4n yhteisty\u00f6kumppaneilta<\/li>\n<\/ul>\n<h2>K\u00e4sitelt\u00e4v\u00e4t henkil\u00f6tiedot<\/h2>\n<p>Rekisterinpit\u00e4j\u00e4 ker\u00e4\u00e4 rekister\u00f6idyist\u00e4 vain sellaisia henkil\u00f6tietoja, jotka ovat olennaisia ja tarpeellisia t\u00e4ss\u00e4 tietosuojaselosteessa selostettujen k\u00e4ytt\u00f6tarkoitusten kannalta.<\/p>\n<p>Rekister\u00f6idyist\u00e4 k\u00e4sitell\u00e4\u00e4n p\u00e4\u00e4s\u00e4\u00e4nt\u00f6isesti seuraavia tietoja:<\/p>\n<ul>\n<li>Yksil\u00f6inti- ja yhteystiedot (henkil\u00f6n, yhteis\u00f6n ja sen edustajan nimi, osoite, puhelinnumero, s\u00e4hk\u00f6postiosoite, y-tunnus, syntym\u00e4aika\/henkil\u00f6tunnus, kieli ym)<\/li>\n<li>Tunnistamis- ja henkil\u00f6llisyyden todentamistiedot (passi, henkil\u00f6llisyystodistus tms)<\/li>\n<li>Asiakassuhteeseen ja toimeksiannon hoitamiseen liittyv\u00e4t tiedot ja viestint\u00e4<\/li>\n<li>Laskutukseen liittyv\u00e4t tiedot (laskutus- ja maksutiedot, perint\u00e4tiedot, luottotarkistustiedot ym)<\/li>\n<li>Asiakasviestint\u00e4\u00e4n ja markkinointiin liittyv\u00e4t tiedot<\/li>\n<li>Muut rekister\u00f6idyn antamat vapaaehtoiset tiedot (tietoja, joita rekister\u00f6ity antaa mm yhteydenottopyynt\u00f6jen, tapaamisten, esittelyiden tai palautteiden yhteydess\u00e4)<\/li>\n<\/ul>\n<h2>Henkil\u00f6tietojen luovuttaminen<\/h2>\n<p>Henkil\u00f6tietoja luovutetaan ja niit\u00e4 k\u00e4sittelev\u00e4t rekisterinpit\u00e4j\u00e4n ohjeistuksen mukaisesti Strand Properties Oy, Strand Properties S.L. ja niiden v\u00e4litystoimintaa suorittavat Brand Partnerit, sek\u00e4 Leading Real Estate Companies of the World \u00ae -v\u00e4litt\u00e4j\u00e4verkoston j\u00e4senyhti\u00f6t henkil\u00f6tietojen k\u00e4sittelij\u00f6in\u00e4. Em. henkil\u00f6tietojen k\u00e4sittelij\u00e4t voivat luovuttaa tietoja toimeksiantojen toteuttamiseksi my\u00f6s yhteisty\u00f6kumppaneina toimiville kiinteist\u00f6nv\u00e4litt\u00e4jille, jolloin tiedot luovutetaan vain v\u00e4litysprosessin edellytt\u00e4m\u00e4ss\u00e4 laajuudessa ja tietosuojalains\u00e4\u00e4d\u00e4nn\u00f6n mukaisesti.<\/p>\n<p>Kaikissa tapauksissa tietoja luovutetaan eteenp\u00e4in vain niiss\u00e4 tapauksissa ja siin\u00e4 laajuudessa, kuin mit\u00e4 on tarpeen tietojen k\u00e4ytt\u00f6tarkoituksessa ja palveluiden asianmukaisessa toteuttamisessa esim pankeille, Maanmittauslaitokselle tai is\u00e4nn\u00f6itsij\u00e4toimistoille.<\/p>\n<p>Henkil\u00f6tietoja luovutetaan tarvittavilta osin tilitoimistolle kirjanpitoa ja taloushallintoa varten. Lis\u00e4ksi henkil\u00f6tietojen k\u00e4sittelyss\u00e4 voidaan k\u00e4ytt\u00e4\u00e4 erilaisia palveluntuottajia ja muita kolmansia tahoja mm. koskien palvelimia ja muita teknisi\u00e4 apuv\u00e4lineit\u00e4. Tietoja voidaan luovuttaa my\u00f6s yhteisty\u00f6kumppaneille ja asiakkaille lains\u00e4\u00e4d\u00e4nn\u00f6n sallimissa tilanteissa.<\/p>\n<p>Kauppahinta- ja kaupan kohteen muita tietoja voidaan luovuttaa lis\u00e4ksi Kiinteist\u00f6nv\u00e4litysalan Keskusliitto ry:lle, jossa tiedot tallennetaan kiinteist\u00f6nv\u00e4litt\u00e4jien k\u00e4ytt\u00e4m\u00e4\u00e4n hintaseurantapalveluun palvelun edellytt\u00e4m\u00e4ss\u00e4 laajuudessa ja josta tietoja voidaan luovuttaa edelleen sen asiakkaille. Muutoin tietoja ei p\u00e4\u00e4s\u00e4\u00e4nt\u00f6isesti luovuteta ulkopuolisille.<\/p>\n<p>Tietoja voidaan lis\u00e4ksi lain vaatimuksesta luovuttaa esimerkiksi viranomaisille.<\/p>\n<h2>Henkil\u00f6tietojen siirrot kolmansiin maihin<\/h2>\n<p>Henkil\u00f6tietoja ei l\u00e4ht\u00f6kohtaisesti siirret\u00e4 Euroopan unionin tai Euroopan talousalueen ulkopuolelle. Mik\u00e4li n\u00e4in poikkeuksellisesti toimitaan (esimerkiksi kansainv\u00e4lisess\u00e4 kiinteist\u00f6nkaupassa toimeksiannon toteuttamiseksi, tai datateknisist\u00e4 syist\u00e4), rekisterinpit\u00e4j\u00e4 huolehtii henkil\u00f6tietojen suojan riitt\u00e4v\u00e4st\u00e4 tasosta kuten tietosuojalains\u00e4\u00e4d\u00e4nn\u00f6ss\u00e4 erikseen s\u00e4\u00e4det\u00e4\u00e4n. L\u00e4ht\u00f6kohtainen ratkaisu on, ett\u00e4 rekisterinpit\u00e4j\u00e4 laatii Euroopan komission mallisopimuslausekkeiden mukaisen sopimuksen henkil\u00f6tietojen k\u00e4sittelyst\u00e4 EU:n ulkopuolisessa maassa olevan henkil\u00f6tietojen k\u00e4sittelij\u00e4n kanssa. Sopimuksella luodaan puitteet korkealaatuiselle tietosuojalle my\u00f6s Euroopan unionin tai Euroopan talousalueen ulkopuolella.<\/p>\n<p>Leading Real Estate Companies of the World \u00ae -verkoston j\u00e4senill\u00e4 on sitovat sopimukselliset velvoitteet suojata asiakkaidensa tietosuojaa. Verkoston j\u00e4senten tulee noudattaa EU:n tietosuoja-asetuksen vaatimuksia ja verkosto on sitoutunut siihen, ett\u00e4 tiedonsiirrot EU:n ulkopuolelle tehd\u00e4\u00e4n EU:n tietosuojalains\u00e4\u00e4d\u00e4nn\u00f6n mukaisesti.<\/p>\n<h2>Henkil\u00f6tietojen suojaus<\/h2>\n<p>Rekisterinpit\u00e4j\u00e4 k\u00e4sittelee henkil\u00f6tietoja tavalla, jolla pyrit\u00e4\u00e4n varmistamaan henkil\u00f6tietojen asianmukainen turvallisuus, mukaan lukien suojaaminen luvattomalta k\u00e4sittelylt\u00e4 sek\u00e4 vahingossa tapahtuvalta h\u00e4vi\u00e4miselt\u00e4, tuhoutumiselta tai vahingoittumiselta.<\/p>\n<p>Rekisterinpit\u00e4j\u00e4 k\u00e4ytt\u00e4\u00e4 asianmukaisia teknisi\u00e4 ja organisatorisia suojatoimia t\u00e4m\u00e4n tavoitteen varmistamiseksi, mukaan lukien palomuurien, salaustekniikoiden ja turvallisten laitetilojen k\u00e4ytt\u00f6, tietoj\u00e4rjestelmien k\u00e4ytt\u00e4j\u00e4tunnusten huolellinen hallinta sek\u00e4 henkil\u00f6tietojen k\u00e4sittelyyn osallistuvan henkil\u00f6st\u00f6n ohjeistaminen.<\/p>\n<p>Kaikilla henkil\u00f6tietoja k\u00e4sittelevill\u00e4 ty\u00f6ntekij\u00f6ill\u00e4 on ty\u00f6sopimuslain (55\/2001) ja niit\u00e4 t\u00e4ydent\u00e4vien salassapitosopimusten perusteella vaitiolovelvollisuus rekister\u00f6ityjen henkil\u00f6tietojen k\u00e4sittelyyn liittyvist\u00e4 asioista.<\/p>\n<h2>Tietojen s\u00e4ilytysaika<\/h2>\n<p>Rekisterinpit\u00e4j\u00e4 k\u00e4sittelee henkil\u00f6tietoja ainoastaan niin kauan ja siin\u00e4 laajuudessa kuin on tarpeellista ja lains\u00e4\u00e4d\u00e4nn\u00f6n mukaisesti sallittua suhteessa niihin alkuper\u00e4isiin tai yhteensopiviin tarkoituksiin, joihin henkil\u00f6tiedot on ker\u00e4tty. Henkil\u00f6tietojen k\u00e4sittelyn k\u00e4ytt\u00f6tarkoitukset on kuvattu kohdassa &#8221;Henkil\u00f6tietojen k\u00e4sittelyn peruste ja tarkoitus&#8221;.<\/p>\n<p>Rahanpesun ja terrorismin rahoittamisen est\u00e4mist\u00e4 koskevan lains\u00e4\u00e4d\u00e4nn\u00f6n mukaisia asiakkaan tuntemistietoja s\u00e4ilytet\u00e4\u00e4n p\u00e4\u00e4s\u00e4\u00e4nt\u00f6isesti 5 vuoden ajan asiakassuhteen p\u00e4\u00e4ttymisest\u00e4. Toimeksiantoja koskeva materiaali s\u00e4ilytet\u00e4\u00e4n p\u00e4\u00e4s\u00e4\u00e4nt\u00f6isesti 10 vuotta toimeksiannon p\u00e4\u00e4ttymisest\u00e4 Kiinteist\u00f6nv\u00e4litysalan Keskusliiton hyv\u00e4st\u00e4 v\u00e4litystavasta annetun ohjeen mukaisesti. Suoramarkkinointia varten tarpeellisia henkil\u00f6tietoja s\u00e4ilytet\u00e4\u00e4n toistaiseksi silt\u00e4 osin kuin suoramarkkinointia on tarkoitus jatkaa, ellei vastaanottaja ole perunut suoramarkkinointiin antamaansa suostumusta tai kielt\u00e4nyt suoramarkkinointia.<\/p>\n<p>Rekisterinpit\u00e4j\u00e4 poistaa henkil\u00f6tiedot rekisterist\u00e4 j\u00e4lkeen, kun yll\u00e4 selvitetty s\u00e4ilytysaika p\u00e4\u00e4ttyy tai rekister\u00f6ity on peruuttanut antamansa suostumuksen.<\/p>\n<h2>Profilointi<\/h2>\n<p>Henkil\u00f6tietoja ei k\u00e4ytet\u00e4 profilointiin tai muuhun automaattiseen p\u00e4\u00e4t\u00f6ksentekoon.<\/p>\n<h2>Rekister\u00f6idyn oikeudet<\/h2>\n<p><em>Oikeus saada p\u00e4\u00e4sy henkil\u00f6tietoihin<\/em><\/p>\n<p>Rekister\u00f6idyll\u00e4 on oikeus saada vahvistus siit\u00e4, k\u00e4sitell\u00e4\u00e4nk\u00f6 h\u00e4nt\u00e4 koskevia henkil\u00f6tietoja, ja jos k\u00e4sitell\u00e4\u00e4n, oikeus saada kopio henkil\u00f6tiedoistaan.<\/p>\n<p><em>Oikeus tietojen oikaisemiseen<\/em><\/p>\n<p>Rekister\u00f6idyll\u00e4 on oikeus pyyt\u00e4\u00e4, ett\u00e4 h\u00e4nt\u00e4 koskevat ep\u00e4tarkat ja virheelliset henkil\u00f6tiedot korjataan. Rekister\u00f6idyll\u00e4 on my\u00f6s oikeus saada puutteelliset henkil\u00f6tiedot t\u00e4ydennetty\u00e4 toimittamalla tarvittavat lis\u00e4tiedot.<\/p>\n<p><em>Oikeus tietojen poistamiseen<\/em><\/p>\n<p>Rekister\u00f6idyll\u00e4 on oikeus pyyt\u00e4\u00e4 itse\u00e4\u00e4n koskevien henkil\u00f6tietojen poistamista, jos<\/p>\n<ol>\n<li>henkil\u00f6tietoja ei en\u00e4\u00e4 tarvita niihin tarkoituksiin, joita varten ne on ker\u00e4tty;<\/li>\n<li>rekister\u00f6ity peruuttaa suostumuksen, johon henkil\u00f6tietojen k\u00e4sittely on perustunut, eik\u00e4 k\u00e4sittelyyn ole muuta laillista perustetta; tai<\/li>\n<li>henkil\u00f6tietoja on k\u00e4sitelty lainvastaisesti.<\/li>\n<\/ol>\n<p><em>Oikeus k\u00e4sittelyn rajoittamiseen<\/em><\/p>\n<p>Rekister\u00f6idyll\u00e4 on oikeus rajoittaa itse\u00e4\u00e4n koskevien henkil\u00f6tietojen k\u00e4sittely\u00e4, jos<\/p>\n<ol>\n<li>rekister\u00f6ity kiist\u00e4\u00e4 henkil\u00f6tietojensa paikkansapit\u00e4vyyden;<\/li>\n<li>k\u00e4sittely on lainvastaista, ja rekister\u00f6ity vastustaa henkil\u00f6tietojensa poistamista ja vaatii sen sijaan niiden k\u00e4yt\u00f6n rajoittamista; tai<\/li>\n<li>rekisterinpit\u00e4j\u00e4 ei en\u00e4\u00e4 tarvitse henkil\u00f6tietoja k\u00e4sittelyn alkuper\u00e4isiin tarkoituksiin, mutta rekister\u00f6ity tarvitsee niit\u00e4 oikeudellisen vaateen laatimiseksi, esitt\u00e4miseksi tai puolustamiseksi.<\/li>\n<\/ol>\n<p><em>Vastustamisoikeus<\/em><\/p>\n<p>Rekister\u00f6idyll\u00e4 on oikeus henkil\u00f6kohtaiseen erityiseen tilanteeseensa liittyv\u00e4ll\u00e4 perusteella milloin tahansa vastustaa h\u00e4nt\u00e4 koskevien henkil\u00f6tietojen k\u00e4sittely\u00e4.<\/p>\n<p>Rekisterinpit\u00e4j\u00e4 ei saa en\u00e4\u00e4 k\u00e4sitell\u00e4 rekister\u00f6idyn henkil\u00f6tietoja, paitsi jos rekisterinpit\u00e4j\u00e4 voi osoittaa, ett\u00e4 k\u00e4sittelyyn on olemassa huomattavan t\u00e4rke\u00e4 ja perusteltu syy, joka syrj\u00e4ytt\u00e4\u00e4 rekister\u00f6idyn edut, oikeudet ja vapaudet, tai jos se on tarpeen oikeusvaateen laatimiseksi, esitt\u00e4miseksi tai puolustamiseksi.<\/p>\n<p>Jos henkil\u00f6tietoja k\u00e4sitell\u00e4\u00e4n suoramarkkinointia varten, rekister\u00f6idyll\u00e4 on oikeus milloin tahansa vastustaa h\u00e4nt\u00e4 koskevien henkil\u00f6tietojen k\u00e4sittely\u00e4 t\u00e4llaista markkinointia varten, mukaan lukien profilointia silloin kun se liittyy t\u00e4llaiseen suoramarkkinointiin.<\/p>\n<p><em>Oikeus peruuttaa suostumus<\/em><\/p>\n<p>Rekister\u00f6idyll\u00e4 on oikeus peruuttaa k\u00e4sittelyyn antamansa suostumus milloin tahansa t\u00e4m\u00e4n vaikuttamatta suostumuksen perusteella ennen t\u00e4t\u00e4 suoritetun k\u00e4sittelyn lainmukaisuuteen.<\/p>\n<p><em>Oikeus siirt\u00e4\u00e4 tiedot j\u00e4rjestelm\u00e4st\u00e4 toiseen<\/em><\/p>\n<p>Rekister\u00f6idyll\u00e4 on oikeus saada h\u00e4nt\u00e4 koskevat ja h\u00e4nen itse toimittamansa henkil\u00f6tiedot j\u00e4sennellyss\u00e4, yleisesti k\u00e4ytetyss\u00e4 ja koneellisesti luettavassa muodossa ja oikeus siirt\u00e4\u00e4 kyseiset tiedot toiselle rekisterinpit\u00e4j\u00e4lle.<\/p>\n<p><em>Oikeus tehd\u00e4 valitus valvontaviranomaiselle<\/em><\/p>\n<p>Henkil\u00f6tietoasioiden kansallisena valvontaviranomaisena on oikeusministeri\u00f6n yhteydess\u00e4 toimiva tietosuojavaltuutetun toimisto. Sinulla on oikeus saattaa asiasi valvontaviranomaisen k\u00e4sitelt\u00e4v\u00e4ksi, jos katsot, ett\u00e4 sinua koskevien henkil\u00f6tietojen k\u00e4sittelyss\u00e4 rikotaan sit\u00e4 koskevaa lains\u00e4\u00e4d\u00e4nt\u00f6\u00e4.<\/p>\n<h2>Tietosuojak\u00e4yt\u00e4nt\u00f6jen muuttaminen<\/h2>\n<p>Rekisterinpit\u00e4j\u00e4 kehitt\u00e4\u00e4 toimintaansa jatkuvasti ja voi sen johdosta joutua tarpeen mukaan muuttamaan ja p\u00e4ivitt\u00e4m\u00e4\u00e4n tietosuojak\u00e4yt\u00e4nt\u00f6j\u00e4\u00e4n. Muutokset voivat perustua my\u00f6s tietosuojaa koskevan lains\u00e4\u00e4d\u00e4nn\u00f6n muuttumiseen.<\/p>\n<p>Mik\u00e4li muutokset pit\u00e4v\u00e4t sis\u00e4ll\u00e4\u00e4n uusia tarkoituksia henkil\u00f6tietojen k\u00e4sittelylle tai muutoin muuttuvat merkitt\u00e4v\u00e4sti, rekisterinpit\u00e4j\u00e4 ilmoittaa niist\u00e4 etuk\u00e4teen ja pyyt\u00e4\u00e4 tarvittaessa suostumuksen.<\/p>\n","protected":false},"excerpt":{"rendered":"<p>T\u00e4m\u00e4 on EU:n yleisen tietosuoja-asetuksen (679\/2016) mukainen selvitys henkil\u00f6tietojen k\u00e4sittelyst\u00e4. Rekisterinpit\u00e4j\u00e4 Strand Family Group Oy Y-tunnus: 3265773-6 osoite: Rantakatu 20, 21100 Naantali s\u00e4hk\u00f6posti: info@strand.fi Tietosuoja-asioita koskevat yhteydenotot Kaikissa henkil\u00f6tietojen k\u00e4sittelyyn liittyviss\u00e4 kysymyksiss\u00e4 ja omien oikeuksien k\u00e4ytt\u00e4miseen liittyviss\u00e4 tilanteissa rekister\u00f6idyn tulee ottaa yhteytt\u00e4 rekisterinpit\u00e4j\u00e4\u00e4n kirjallisesti l\u00e4hett\u00e4m\u00e4ll\u00e4 s\u00e4hk\u00f6postia asiakaspalveluun osoitteeseen: info@strand.fi Henkil\u00f6tietojen k\u00e4sittelyn peruste ja tarkoitus Henkil\u00f6tietojen [&hellip;]<\/p>\n","protected":false},"author":1,"featured_media":0,"parent":0,"menu_order":0,"comment_status":"closed","ping_status":"closed","template":"page-terms.php","meta":{"_acf_changed":false,"footnotes":""},"class_list":["post-33644","page","type-page","status-publish","hentry"],"acf":[],"yoast_head":"<!-- This site is optimized with the Yoast SEO plugin v27.1.1 - https:\/\/yoast.com\/product\/yoast-seo-wordpress\/ -->\n<title>Tietosuojaseloste - Strand Properties<\/title>\n<meta name=\"description\" content=\"Kokeneet v\u00e4litt\u00e4j\u00e4t, ensiluokkainen palvelu, laaja kansainv\u00e4linen verkosto ja eri alojen asiantuntijoista koostuva tiimi. Me olemme Strand Properties, kasvava suomalaisomisteinen kiinteist\u00f6nv\u00e4litystoimisto. Palvelemme Suomen suurimmissa kasvukeskuksissa, Lapissa sek\u00e4 Espanjassa.\" \/>\n<meta name=\"robots\" content=\"index, follow, max-snippet:-1, max-image-preview:large, max-video-preview:-1\" \/>\n<link rel=\"canonical\" href=\"https:\/\/strandproperties.com\/fi\/tietosuojaseloste\/\" \/>\n<meta property=\"og:locale\" content=\"fi_FI\" \/>\n<meta property=\"og:type\" content=\"article\" \/>\n<meta property=\"og:title\" content=\"Tietosuojaseloste - Strand Properties\" \/>\n<meta property=\"og:description\" content=\"Kokeneet v\u00e4litt\u00e4j\u00e4t, ensiluokkainen palvelu, laaja kansainv\u00e4linen verkosto ja eri alojen asiantuntijoista koostuva tiimi. Me olemme Strand Properties, kasvava suomalaisomisteinen kiinteist\u00f6nv\u00e4litystoimisto. Palvelemme Suomen suurimmissa kasvukeskuksissa, Lapissa sek\u00e4 Espanjassa.\" \/>\n<meta property=\"og:url\" content=\"https:\/\/strandproperties.com\/fi\/tietosuojaseloste\/\" \/>\n<meta property=\"og:site_name\" content=\"Strand Properties\" \/>\n<meta property=\"article:publisher\" content=\"https:\/\/www.facebook.com\/strandspain\/\" \/>\n<meta property=\"article:modified_time\" content=\"2025-03-17T08:17:12+00:00\" \/>\n<meta property=\"og:image\" content=\"https:\/\/strandproperties.com\/wp-content\/uploads\/2020\/06\/strand-properties-logo.jpg\" \/>\n\t<meta property=\"og:image:width\" content=\"1200\" \/>\n\t<meta property=\"og:image:height\" content=\"750\" \/>\n\t<meta property=\"og:image:type\" content=\"image\/jpeg\" \/>\n<meta name=\"twitter:card\" content=\"summary_large_image\" \/>\n<meta name=\"twitter:label1\" content=\"Arvioitu lukuaika\" \/>\n\t<meta name=\"twitter:data1\" content=\"5 minuuttia\" \/>\n<script type=\"application\/ld+json\" class=\"yoast-schema-graph\">{\"@context\":\"https:\/\/schema.org\",\"@graph\":[{\"@type\":\"WebPage\",\"@id\":\"https:\/\/strandproperties.com\/fi\/tietosuojaseloste\/\",\"url\":\"https:\/\/strandproperties.com\/fi\/tietosuojaseloste\/\",\"name\":\"Tietosuojaseloste - Strand Properties\",\"isPartOf\":{\"@id\":\"https:\/\/strandproperties.com\/fi\/#website\"},\"datePublished\":\"2020-06-25T15:59:08+00:00\",\"dateModified\":\"2025-03-17T08:17:12+00:00\",\"description\":\"Kokeneet v\u00e4litt\u00e4j\u00e4t, ensiluokkainen palvelu, laaja kansainv\u00e4linen verkosto ja eri alojen asiantuntijoista koostuva tiimi. Me olemme Strand Properties, kasvava suomalaisomisteinen kiinteist\u00f6nv\u00e4litystoimisto. Palvelemme Suomen suurimmissa kasvukeskuksissa, Lapissa sek\u00e4 Espanjassa.\",\"breadcrumb\":{\"@id\":\"https:\/\/strandproperties.com\/fi\/tietosuojaseloste\/#breadcrumb\"},\"inLanguage\":\"fi\",\"potentialAction\":[{\"@type\":\"ReadAction\",\"target\":[\"https:\/\/strandproperties.com\/fi\/tietosuojaseloste\/\"]}]},{\"@type\":\"BreadcrumbList\",\"@id\":\"https:\/\/strandproperties.com\/fi\/tietosuojaseloste\/#breadcrumb\",\"itemListElement\":[{\"@type\":\"ListItem\",\"position\":1,\"name\":\"Home\",\"item\":\"https:\/\/strandproperties.com\/fi\/\"},{\"@type\":\"ListItem\",\"position\":2,\"name\":\"Tietosuojaseloste\"}]},{\"@type\":\"WebSite\",\"@id\":\"https:\/\/strandproperties.com\/fi\/#website\",\"url\":\"https:\/\/strandproperties.com\/fi\/\",\"name\":\"Strand Properties\",\"description\":\"-\",\"publisher\":{\"@id\":\"https:\/\/strandproperties.com\/fi\/#organization\"},\"potentialAction\":[{\"@type\":\"SearchAction\",\"target\":{\"@type\":\"EntryPoint\",\"urlTemplate\":\"https:\/\/strandproperties.com\/fi\/?s={search_term_string}\"},\"query-input\":{\"@type\":\"PropertyValueSpecification\",\"valueRequired\":true,\"valueName\":\"search_term_string\"}}],\"inLanguage\":\"fi\"},{\"@type\":\"Organization\",\"@id\":\"https:\/\/strandproperties.com\/fi\/#organization\",\"name\":\"Strand Properties\",\"url\":\"https:\/\/strandproperties.com\/fi\/\",\"logo\":{\"@type\":\"ImageObject\",\"inLanguage\":\"fi\",\"@id\":\"https:\/\/strandproperties.com\/fi\/#\/schema\/logo\/image\/\",\"url\":\"https:\/\/strandproperties.com\/wp-content\/uploads\/2020\/06\/strand-properties-logo.jpg\",\"contentUrl\":\"https:\/\/strandproperties.com\/wp-content\/uploads\/2020\/06\/strand-properties-logo.jpg\",\"width\":1200,\"height\":750,\"caption\":\"Strand Properties\"},\"image\":{\"@id\":\"https:\/\/strandproperties.com\/fi\/#\/schema\/logo\/image\/\"},\"sameAs\":[\"https:\/\/www.facebook.com\/strandspain\/\",\"https:\/\/www.instagram.com\/strandproperties\/\"]}]}<\/script>\n<!-- \/ Yoast SEO plugin. -->","yoast_head_json":{"title":"Tietosuojaseloste - Strand Properties","description":"Kokeneet v\u00e4litt\u00e4j\u00e4t, ensiluokkainen palvelu, laaja kansainv\u00e4linen verkosto ja eri alojen asiantuntijoista koostuva tiimi. Me olemme Strand Properties, kasvava suomalaisomisteinen kiinteist\u00f6nv\u00e4litystoimisto. Palvelemme Suomen suurimmissa kasvukeskuksissa, Lapissa sek\u00e4 Espanjassa.","robots":{"index":"index","follow":"follow","max-snippet":"max-snippet:-1","max-image-preview":"max-image-preview:large","max-video-preview":"max-video-preview:-1"},"canonical":"https:\/\/strandproperties.com\/fi\/tietosuojaseloste\/","og_locale":"fi_FI","og_type":"article","og_title":"Tietosuojaseloste - Strand Properties","og_description":"Kokeneet v\u00e4litt\u00e4j\u00e4t, ensiluokkainen palvelu, laaja kansainv\u00e4linen verkosto ja eri alojen asiantuntijoista koostuva tiimi. Me olemme Strand Properties, kasvava suomalaisomisteinen kiinteist\u00f6nv\u00e4litystoimisto. Palvelemme Suomen suurimmissa kasvukeskuksissa, Lapissa sek\u00e4 Espanjassa.","og_url":"https:\/\/strandproperties.com\/fi\/tietosuojaseloste\/","og_site_name":"Strand Properties","article_publisher":"https:\/\/www.facebook.com\/strandspain\/","article_modified_time":"2025-03-17T08:17:12+00:00","og_image":[{"width":1200,"height":750,"url":"https:\/\/strandproperties.com\/wp-content\/uploads\/2020\/06\/strand-properties-logo.jpg","type":"image\/jpeg"}],"twitter_card":"summary_large_image","twitter_misc":{"Arvioitu lukuaika":"5 minuuttia"},"schema":{"@context":"https:\/\/schema.org","@graph":[{"@type":"WebPage","@id":"https:\/\/strandproperties.com\/fi\/tietosuojaseloste\/","url":"https:\/\/strandproperties.com\/fi\/tietosuojaseloste\/","name":"Tietosuojaseloste - Strand Properties","isPartOf":{"@id":"https:\/\/strandproperties.com\/fi\/#website"},"datePublished":"2020-06-25T15:59:08+00:00","dateModified":"2025-03-17T08:17:12+00:00","description":"Kokeneet v\u00e4litt\u00e4j\u00e4t, ensiluokkainen palvelu, laaja kansainv\u00e4linen verkosto ja eri alojen asiantuntijoista koostuva tiimi. Me olemme Strand Properties, kasvava suomalaisomisteinen kiinteist\u00f6nv\u00e4litystoimisto. Palvelemme Suomen suurimmissa kasvukeskuksissa, Lapissa sek\u00e4 Espanjassa.","breadcrumb":{"@id":"https:\/\/strandproperties.com\/fi\/tietosuojaseloste\/#breadcrumb"},"inLanguage":"fi","potentialAction":[{"@type":"ReadAction","target":["https:\/\/strandproperties.com\/fi\/tietosuojaseloste\/"]}]},{"@type":"BreadcrumbList","@id":"https:\/\/strandproperties.com\/fi\/tietosuojaseloste\/#breadcrumb","itemListElement":[{"@type":"ListItem","position":1,"name":"Home","item":"https:\/\/strandproperties.com\/fi\/"},{"@type":"ListItem","position":2,"name":"Tietosuojaseloste"}]},{"@type":"WebSite","@id":"https:\/\/strandproperties.com\/fi\/#website","url":"https:\/\/strandproperties.com\/fi\/","name":"Strand Properties","description":"-","publisher":{"@id":"https:\/\/strandproperties.com\/fi\/#organization"},"potentialAction":[{"@type":"SearchAction","target":{"@type":"EntryPoint","urlTemplate":"https:\/\/strandproperties.com\/fi\/?s={search_term_string}"},"query-input":{"@type":"PropertyValueSpecification","valueRequired":true,"valueName":"search_term_string"}}],"inLanguage":"fi"},{"@type":"Organization","@id":"https:\/\/strandproperties.com\/fi\/#organization","name":"Strand Properties","url":"https:\/\/strandproperties.com\/fi\/","logo":{"@type":"ImageObject","inLanguage":"fi","@id":"https:\/\/strandproperties.com\/fi\/#\/schema\/logo\/image\/","url":"https:\/\/strandproperties.com\/wp-content\/uploads\/2020\/06\/strand-properties-logo.jpg","contentUrl":"https:\/\/strandproperties.com\/wp-content\/uploads\/2020\/06\/strand-properties-logo.jpg","width":1200,"height":750,"caption":"Strand Properties"},"image":{"@id":"https:\/\/strandproperties.com\/fi\/#\/schema\/logo\/image\/"},"sameAs":["https:\/\/www.facebook.com\/strandspain\/","https:\/\/www.instagram.com\/strandproperties\/"]}]}},"_links":{"self":[{"href":"https:\/\/strandproperties.com\/fi\/wp-json\/wp\/v2\/pages\/33644","targetHints":{"allow":["GET"]}}],"collection":[{"href":"https:\/\/strandproperties.com\/fi\/wp-json\/wp\/v2\/pages"}],"about":[{"href":"https:\/\/strandproperties.com\/fi\/wp-json\/wp\/v2\/types\/page"}],"author":[{"embeddable":true,"href":"https:\/\/strandproperties.com\/fi\/wp-json\/wp\/v2\/users\/1"}],"replies":[{"embeddable":true,"href":"https:\/\/strandproperties.com\/fi\/wp-json\/wp\/v2\/comments?post=33644"}],"version-history":[{"count":7,"href":"https:\/\/strandproperties.com\/fi\/wp-json\/wp\/v2\/pages\/33644\/revisions"}],"predecessor-version":[{"id":38085,"href":"https:\/\/strandproperties.com\/fi\/wp-json\/wp\/v2\/pages\/33644\/revisions\/38085"}],"wp:attachment":[{"href":"https:\/\/strandproperties.com\/fi\/wp-json\/wp\/v2\/media?parent=33644"}],"curies":[{"name":"wp","href":"https:\/\/api.w.org\/{rel}","templated":true}]}}