{"id":9249,"date":"2021-08-31T12:27:00","date_gmt":"2021-08-31T12:27:00","guid":{"rendered":"https:\/\/strandproperties.com\/?page_id=9249"},"modified":"2022-02-21T14:27:40","modified_gmt":"2022-02-21T14:27:40","slug":"marbella-golf-country-club","status":"publish","type":"page","link":"https:\/\/strandproperties.com\/fi\/golf\/marbella-golf-country-club\/","title":{"rendered":"Marbella Golf &#038; Country Club"},"content":{"rendered":"","protected":false},"excerpt":{"rendered":"","protected":false},"author":3,"featured_media":9055,"parent":8436,"menu_order":0,"comment_status":"closed","ping_status":"closed","template":"page-blocks.php","meta":{"_acf_changed":false,"footnotes":""},"class_list":["post-9249","page","type-page","status-publish","has-post-thumbnail","hentry"],"acf":[],"yoast_head":"<!-- This site is optimized with the Yoast SEO plugin v27.1.1 - https:\/\/yoast.com\/product\/yoast-seo-wordpress\/ -->\n<title>Marbella Golf &amp; Country Club - Strand Properties<\/title>\n<meta name=\"description\" content=\"Kokeneet v\u00e4litt\u00e4j\u00e4t, ensiluokkainen palvelu, laaja kansainv\u00e4linen verkosto ja eri alojen asiantuntijoista koostuva tiimi. Me olemme Strand Properties, kasvava suomalaisomisteinen kiinteist\u00f6nv\u00e4litystoimisto. Palvelemme Suomen suurimmissa kasvukeskuksissa, Lapissa sek\u00e4 Espanjassa.\" \/>\n<meta name=\"robots\" content=\"index, follow, max-snippet:-1, max-image-preview:large, max-video-preview:-1\" \/>\n<link rel=\"canonical\" href=\"https:\/\/strandproperties.com\/golf\/marbella-golf-country-club\/\" \/>\n<meta property=\"og:locale\" content=\"fi_FI\" \/>\n<meta property=\"og:type\" content=\"article\" \/>\n<meta property=\"og:title\" content=\"Marbella Golf &amp; Country Club - Strand Properties\" \/>\n<meta property=\"og:description\" content=\"Kokeneet v\u00e4litt\u00e4j\u00e4t, ensiluokkainen palvelu, laaja kansainv\u00e4linen verkosto ja eri alojen asiantuntijoista koostuva tiimi. Me olemme Strand Properties, kasvava suomalaisomisteinen kiinteist\u00f6nv\u00e4litystoimisto. Palvelemme Suomen suurimmissa kasvukeskuksissa, Lapissa sek\u00e4 Espanjassa.\" \/>\n<meta property=\"og:url\" content=\"https:\/\/strandproperties.com\/golf\/marbella-golf-country-club\/\" \/>\n<meta property=\"og:site_name\" content=\"Strand Properties\" \/>\n<meta property=\"article:publisher\" content=\"https:\/\/www.facebook.com\/strandspain\/\" \/>\n<meta property=\"article:modified_time\" content=\"2022-02-21T14:27:40+00:00\" \/>\n<meta property=\"og:image\" content=\"https:\/\/strandproperties.com\/wp-content\/uploads\/2021\/08\/marbella-golf-and-country-club-6613.jpg\" \/>\n\t<meta property=\"og:image:width\" content=\"1920\" \/>\n\t<meta property=\"og:image:height\" content=\"1280\" \/>\n\t<meta property=\"og:image:type\" content=\"image\/jpeg\" \/>\n<meta name=\"twitter:card\" content=\"summary_large_image\" \/>\n<script type=\"application\/ld+json\" class=\"yoast-schema-graph\">{\"@context\":\"https:\/\/schema.org\",\"@graph\":[{\"@type\":\"WebPage\",\"@id\":\"https:\/\/strandproperties.com\/golf\/marbella-golf-country-club\/\",\"url\":\"https:\/\/strandproperties.com\/golf\/marbella-golf-country-club\/\",\"name\":\"Marbella Golf & Country Club - Strand Properties\",\"isPartOf\":{\"@id\":\"https:\/\/strandproperties.com\/fi\/#website\"},\"primaryImageOfPage\":{\"@id\":\"https:\/\/strandproperties.com\/golf\/marbella-golf-country-club\/#primaryimage\"},\"image\":{\"@id\":\"https:\/\/strandproperties.com\/golf\/marbella-golf-country-club\/#primaryimage\"},\"thumbnailUrl\":\"https:\/\/strandproperties.com\/wp-content\/uploads\/2021\/08\/marbella-golf-and-country-club-6613.jpg\",\"datePublished\":\"2021-08-31T12:27:00+00:00\",\"dateModified\":\"2022-02-21T14:27:40+00:00\",\"description\":\"Kokeneet v\u00e4litt\u00e4j\u00e4t, ensiluokkainen palvelu, laaja kansainv\u00e4linen verkosto ja eri alojen asiantuntijoista koostuva tiimi. Me olemme Strand Properties, kasvava suomalaisomisteinen kiinteist\u00f6nv\u00e4litystoimisto. Palvelemme Suomen suurimmissa kasvukeskuksissa, Lapissa sek\u00e4 Espanjassa.\",\"breadcrumb\":{\"@id\":\"https:\/\/strandproperties.com\/golf\/marbella-golf-country-club\/#breadcrumb\"},\"inLanguage\":\"fi\",\"potentialAction\":[{\"@type\":\"ReadAction\",\"target\":[\"https:\/\/strandproperties.com\/golf\/marbella-golf-country-club\/\"]}]},{\"@type\":\"ImageObject\",\"inLanguage\":\"fi\",\"@id\":\"https:\/\/strandproperties.com\/golf\/marbella-golf-country-club\/#primaryimage\",\"url\":\"https:\/\/strandproperties.com\/wp-content\/uploads\/2021\/08\/marbella-golf-and-country-club-6613.jpg\",\"contentUrl\":\"https:\/\/strandproperties.com\/wp-content\/uploads\/2021\/08\/marbella-golf-and-country-club-6613.jpg\",\"width\":1920,\"height\":1280},{\"@type\":\"BreadcrumbList\",\"@id\":\"https:\/\/strandproperties.com\/golf\/marbella-golf-country-club\/#breadcrumb\",\"itemListElement\":[{\"@type\":\"ListItem\",\"position\":1,\"name\":\"Home\",\"item\":\"https:\/\/strandproperties.com\/fi\/\"},{\"@type\":\"ListItem\",\"position\":2,\"name\":\"Golf\",\"item\":\"https:\/\/strandproperties.com\/no\/golf\/\"},{\"@type\":\"ListItem\",\"position\":3,\"name\":\"Marbella Golf &#038; Country Club\"}]},{\"@type\":\"WebSite\",\"@id\":\"https:\/\/strandproperties.com\/fi\/#website\",\"url\":\"https:\/\/strandproperties.com\/fi\/\",\"name\":\"Strand Properties\",\"description\":\"-\",\"publisher\":{\"@id\":\"https:\/\/strandproperties.com\/fi\/#organization\"},\"potentialAction\":[{\"@type\":\"SearchAction\",\"target\":{\"@type\":\"EntryPoint\",\"urlTemplate\":\"https:\/\/strandproperties.com\/fi\/?s={search_term_string}\"},\"query-input\":{\"@type\":\"PropertyValueSpecification\",\"valueRequired\":true,\"valueName\":\"search_term_string\"}}],\"inLanguage\":\"fi\"},{\"@type\":\"Organization\",\"@id\":\"https:\/\/strandproperties.com\/fi\/#organization\",\"name\":\"Strand Properties\",\"url\":\"https:\/\/strandproperties.com\/fi\/\",\"logo\":{\"@type\":\"ImageObject\",\"inLanguage\":\"fi\",\"@id\":\"https:\/\/strandproperties.com\/fi\/#\/schema\/logo\/image\/\",\"url\":\"https:\/\/strandproperties.com\/wp-content\/uploads\/2020\/06\/strand-properties-logo.jpg\",\"contentUrl\":\"https:\/\/strandproperties.com\/wp-content\/uploads\/2020\/06\/strand-properties-logo.jpg\",\"width\":1200,\"height\":750,\"caption\":\"Strand Properties\"},\"image\":{\"@id\":\"https:\/\/strandproperties.com\/fi\/#\/schema\/logo\/image\/\"},\"sameAs\":[\"https:\/\/www.facebook.com\/strandspain\/\",\"https:\/\/www.instagram.com\/strandproperties\/\"]}]}<\/script>\n<!-- \/ Yoast SEO plugin. -->","yoast_head_json":{"title":"Marbella Golf & Country Club - Strand Properties","description":"Kokeneet v\u00e4litt\u00e4j\u00e4t, ensiluokkainen palvelu, laaja kansainv\u00e4linen verkosto ja eri alojen asiantuntijoista koostuva tiimi. Me olemme Strand Properties, kasvava suomalaisomisteinen kiinteist\u00f6nv\u00e4litystoimisto. Palvelemme Suomen suurimmissa kasvukeskuksissa, Lapissa sek\u00e4 Espanjassa.","robots":{"index":"index","follow":"follow","max-snippet":"max-snippet:-1","max-image-preview":"max-image-preview:large","max-video-preview":"max-video-preview:-1"},"canonical":"https:\/\/strandproperties.com\/golf\/marbella-golf-country-club\/","og_locale":"fi_FI","og_type":"article","og_title":"Marbella Golf & Country Club - Strand Properties","og_description":"Kokeneet v\u00e4litt\u00e4j\u00e4t, ensiluokkainen palvelu, laaja kansainv\u00e4linen verkosto ja eri alojen asiantuntijoista koostuva tiimi. Me olemme Strand Properties, kasvava suomalaisomisteinen kiinteist\u00f6nv\u00e4litystoimisto. Palvelemme Suomen suurimmissa kasvukeskuksissa, Lapissa sek\u00e4 Espanjassa.","og_url":"https:\/\/strandproperties.com\/golf\/marbella-golf-country-club\/","og_site_name":"Strand Properties","article_publisher":"https:\/\/www.facebook.com\/strandspain\/","article_modified_time":"2022-02-21T14:27:40+00:00","og_image":[{"width":1920,"height":1280,"url":"https:\/\/strandproperties.com\/wp-content\/uploads\/2021\/08\/marbella-golf-and-country-club-6613.jpg","type":"image\/jpeg"}],"twitter_card":"summary_large_image","schema":{"@context":"https:\/\/schema.org","@graph":[{"@type":"WebPage","@id":"https:\/\/strandproperties.com\/golf\/marbella-golf-country-club\/","url":"https:\/\/strandproperties.com\/golf\/marbella-golf-country-club\/","name":"Marbella Golf & Country Club - Strand Properties","isPartOf":{"@id":"https:\/\/strandproperties.com\/fi\/#website"},"primaryImageOfPage":{"@id":"https:\/\/strandproperties.com\/golf\/marbella-golf-country-club\/#primaryimage"},"image":{"@id":"https:\/\/strandproperties.com\/golf\/marbella-golf-country-club\/#primaryimage"},"thumbnailUrl":"https:\/\/strandproperties.com\/wp-content\/uploads\/2021\/08\/marbella-golf-and-country-club-6613.jpg","datePublished":"2021-08-31T12:27:00+00:00","dateModified":"2022-02-21T14:27:40+00:00","description":"Kokeneet v\u00e4litt\u00e4j\u00e4t, ensiluokkainen palvelu, laaja kansainv\u00e4linen verkosto ja eri alojen asiantuntijoista koostuva tiimi. Me olemme Strand Properties, kasvava suomalaisomisteinen kiinteist\u00f6nv\u00e4litystoimisto. Palvelemme Suomen suurimmissa kasvukeskuksissa, Lapissa sek\u00e4 Espanjassa.","breadcrumb":{"@id":"https:\/\/strandproperties.com\/golf\/marbella-golf-country-club\/#breadcrumb"},"inLanguage":"fi","potentialAction":[{"@type":"ReadAction","target":["https:\/\/strandproperties.com\/golf\/marbella-golf-country-club\/"]}]},{"@type":"ImageObject","inLanguage":"fi","@id":"https:\/\/strandproperties.com\/golf\/marbella-golf-country-club\/#primaryimage","url":"https:\/\/strandproperties.com\/wp-content\/uploads\/2021\/08\/marbella-golf-and-country-club-6613.jpg","contentUrl":"https:\/\/strandproperties.com\/wp-content\/uploads\/2021\/08\/marbella-golf-and-country-club-6613.jpg","width":1920,"height":1280},{"@type":"BreadcrumbList","@id":"https:\/\/strandproperties.com\/golf\/marbella-golf-country-club\/#breadcrumb","itemListElement":[{"@type":"ListItem","position":1,"name":"Home","item":"https:\/\/strandproperties.com\/fi\/"},{"@type":"ListItem","position":2,"name":"Golf","item":"https:\/\/strandproperties.com\/no\/golf\/"},{"@type":"ListItem","position":3,"name":"Marbella Golf &#038; Country Club"}]},{"@type":"WebSite","@id":"https:\/\/strandproperties.com\/fi\/#website","url":"https:\/\/strandproperties.com\/fi\/","name":"Strand Properties","description":"-","publisher":{"@id":"https:\/\/strandproperties.com\/fi\/#organization"},"potentialAction":[{"@type":"SearchAction","target":{"@type":"EntryPoint","urlTemplate":"https:\/\/strandproperties.com\/fi\/?s={search_term_string}"},"query-input":{"@type":"PropertyValueSpecification","valueRequired":true,"valueName":"search_term_string"}}],"inLanguage":"fi"},{"@type":"Organization","@id":"https:\/\/strandproperties.com\/fi\/#organization","name":"Strand Properties","url":"https:\/\/strandproperties.com\/fi\/","logo":{"@type":"ImageObject","inLanguage":"fi","@id":"https:\/\/strandproperties.com\/fi\/#\/schema\/logo\/image\/","url":"https:\/\/strandproperties.com\/wp-content\/uploads\/2020\/06\/strand-properties-logo.jpg","contentUrl":"https:\/\/strandproperties.com\/wp-content\/uploads\/2020\/06\/strand-properties-logo.jpg","width":1200,"height":750,"caption":"Strand Properties"},"image":{"@id":"https:\/\/strandproperties.com\/fi\/#\/schema\/logo\/image\/"},"sameAs":["https:\/\/www.facebook.com\/strandspain\/","https:\/\/www.instagram.com\/strandproperties\/"]}]}},"_links":{"self":[{"href":"https:\/\/strandproperties.com\/fi\/wp-json\/wp\/v2\/pages\/9249","targetHints":{"allow":["GET"]}}],"collection":[{"href":"https:\/\/strandproperties.com\/fi\/wp-json\/wp\/v2\/pages"}],"about":[{"href":"https:\/\/strandproperties.com\/fi\/wp-json\/wp\/v2\/types\/page"}],"author":[{"embeddable":true,"href":"https:\/\/strandproperties.com\/fi\/wp-json\/wp\/v2\/users\/3"}],"replies":[{"embeddable":true,"href":"https:\/\/strandproperties.com\/fi\/wp-json\/wp\/v2\/comments?post=9249"}],"version-history":[{"count":4,"href":"https:\/\/strandproperties.com\/fi\/wp-json\/wp\/v2\/pages\/9249\/revisions"}],"predecessor-version":[{"id":14135,"href":"https:\/\/strandproperties.com\/fi\/wp-json\/wp\/v2\/pages\/9249\/revisions\/14135"}],"up":[{"embeddable":true,"href":"https:\/\/strandproperties.com\/fi\/wp-json\/wp\/v2\/pages\/8436"}],"wp:featuredmedia":[{"embeddable":true,"href":"https:\/\/strandproperties.com\/fi\/wp-json\/wp\/v2\/media\/9055"}],"wp:attachment":[{"href":"https:\/\/strandproperties.com\/fi\/wp-json\/wp\/v2\/media?parent=9249"}],"curies":[{"name":"wp","href":"https:\/\/api.w.org\/{rel}","templated":true}]}}