{"id":3226,"date":"2020-03-18T12:55:38","date_gmt":"2020-03-18T12:55:38","guid":{"rendered":"https:\/\/strandproperties.com\/buying\/"},"modified":"2025-07-09T08:29:29","modified_gmt":"2025-07-09T08:29:29","slug":"laissez-nous-trouver-votre-destination-de-reve-2","status":"publish","type":"page","link":"https:\/\/strandproperties.com\/fr\/laissez-nous-trouver-votre-destination-de-reve-2\/","title":{"rendered":"Acheter avec nous"},"content":{"rendered":"","protected":false},"excerpt":{"rendered":"","protected":false},"author":3,"featured_media":0,"parent":0,"menu_order":0,"comment_status":"closed","ping_status":"closed","template":"page-blocks-new.php","meta":{"_acf_changed":false,"footnotes":""},"class_list":["post-3226","page","type-page","status-publish","hentry"],"acf":[],"yoast_head":"<!-- This site is optimized with the Yoast SEO plugin v27.1.1 - https:\/\/yoast.com\/product\/yoast-seo-wordpress\/ -->\n<title>Achat immobilier | Marbella, Costa del Sol | Strand Properties<\/title>\n<meta name=\"description\" content=\"Des agents exp\u00e9riment\u00e9s, un service haut de gamme pour les acheteurs, vendeurs et promoteurs, un vaste r\u00e9seau international et une \u00e9quipe back office r\u00e9unissant une expertise de haut niveau en immobilier, technologie et design. Nous accompagnons nos clients en Espagne et en Finlande\" \/>\n<meta name=\"robots\" content=\"index, follow, max-snippet:-1, max-image-preview:large, max-video-preview:-1\" \/>\n<link rel=\"canonical\" href=\"https:\/\/strandproperties.com\/fr\/laissez-nous-trouver-votre-destination-de-reve-2\/\" \/>\n<meta property=\"og:locale\" content=\"fr_FR\" \/>\n<meta property=\"og:type\" content=\"article\" \/>\n<meta property=\"og:title\" content=\"Achat immobilier | Marbella, Costa del Sol | Strand Properties\" \/>\n<meta property=\"og:description\" content=\"Des agents exp\u00e9riment\u00e9s, un service haut de gamme pour les acheteurs, vendeurs et promoteurs, un vaste r\u00e9seau international et une \u00e9quipe back office r\u00e9unissant une expertise de haut niveau en immobilier, technologie et design. Nous accompagnons nos clients en Espagne et en Finlande\" \/>\n<meta property=\"og:url\" content=\"https:\/\/strandproperties.com\/fr\/laissez-nous-trouver-votre-destination-de-reve-2\/\" \/>\n<meta property=\"og:site_name\" content=\"Strand Properties\" \/>\n<meta property=\"article:publisher\" content=\"https:\/\/www.facebook.com\/strandspain\/\" \/>\n<meta property=\"article:modified_time\" content=\"2025-07-09T08:29:29+00:00\" \/>\n<meta property=\"og:image\" content=\"https:\/\/strandproperties.com\/wp-content\/uploads\/2020\/06\/strand-properties-logo.jpg\" \/>\n\t<meta property=\"og:image:width\" content=\"1200\" \/>\n\t<meta property=\"og:image:height\" content=\"750\" \/>\n\t<meta property=\"og:image:type\" content=\"image\/jpeg\" \/>\n<meta name=\"twitter:card\" content=\"summary_large_image\" \/>\n<script type=\"application\/ld+json\" class=\"yoast-schema-graph\">{\"@context\":\"https:\/\/schema.org\",\"@graph\":[{\"@type\":\"WebPage\",\"@id\":\"https:\/\/strandproperties.com\/fr\/laissez-nous-trouver-votre-destination-de-reve-2\/\",\"url\":\"https:\/\/strandproperties.com\/fr\/laissez-nous-trouver-votre-destination-de-reve-2\/\",\"name\":\"Achat immobilier | Marbella, Costa del Sol | Strand Properties\",\"isPartOf\":{\"@id\":\"https:\/\/strandproperties.com\/fi\/#website\"},\"datePublished\":\"2020-03-18T12:55:38+00:00\",\"dateModified\":\"2025-07-09T08:29:29+00:00\",\"description\":\"Des agents exp\u00e9riment\u00e9s, un service haut de gamme pour les acheteurs, vendeurs et promoteurs, un vaste r\u00e9seau international et une \u00e9quipe back office r\u00e9unissant une expertise de haut niveau en immobilier, technologie et design. Nous accompagnons nos clients en Espagne et en Finlande\",\"breadcrumb\":{\"@id\":\"https:\/\/strandproperties.com\/fr\/laissez-nous-trouver-votre-destination-de-reve-2\/#breadcrumb\"},\"inLanguage\":\"fr-FR\",\"potentialAction\":[{\"@type\":\"ReadAction\",\"target\":[\"https:\/\/strandproperties.com\/fr\/laissez-nous-trouver-votre-destination-de-reve-2\/\"]}]},{\"@type\":\"BreadcrumbList\",\"@id\":\"https:\/\/strandproperties.com\/fr\/laissez-nous-trouver-votre-destination-de-reve-2\/#breadcrumb\",\"itemListElement\":[{\"@type\":\"ListItem\",\"position\":1,\"name\":\"Home\",\"item\":\"https:\/\/strandproperties.com\/fr\/\"},{\"@type\":\"ListItem\",\"position\":2,\"name\":\"Acheter avec nous\"}]},{\"@type\":\"WebSite\",\"@id\":\"https:\/\/strandproperties.com\/fi\/#website\",\"url\":\"https:\/\/strandproperties.com\/fi\/\",\"name\":\"Strand Properties\",\"description\":\"-\",\"publisher\":{\"@id\":\"https:\/\/strandproperties.com\/fi\/#organization\"},\"potentialAction\":[{\"@type\":\"SearchAction\",\"target\":{\"@type\":\"EntryPoint\",\"urlTemplate\":\"https:\/\/strandproperties.com\/fi\/?s={search_term_string}\"},\"query-input\":{\"@type\":\"PropertyValueSpecification\",\"valueRequired\":true,\"valueName\":\"search_term_string\"}}],\"inLanguage\":\"fr-FR\"},{\"@type\":\"Organization\",\"@id\":\"https:\/\/strandproperties.com\/fi\/#organization\",\"name\":\"Strand Properties\",\"url\":\"https:\/\/strandproperties.com\/fi\/\",\"logo\":{\"@type\":\"ImageObject\",\"inLanguage\":\"fr-FR\",\"@id\":\"https:\/\/strandproperties.com\/fi\/#\/schema\/logo\/image\/\",\"url\":\"https:\/\/strandproperties.com\/wp-content\/uploads\/2020\/06\/strand-properties-logo.jpg\",\"contentUrl\":\"https:\/\/strandproperties.com\/wp-content\/uploads\/2020\/06\/strand-properties-logo.jpg\",\"width\":1200,\"height\":750,\"caption\":\"Strand Properties\"},\"image\":{\"@id\":\"https:\/\/strandproperties.com\/fi\/#\/schema\/logo\/image\/\"},\"sameAs\":[\"https:\/\/www.facebook.com\/strandspain\/\",\"https:\/\/www.instagram.com\/strandproperties\/\"]}]}<\/script>\n<!-- \/ Yoast SEO plugin. -->","yoast_head_json":{"title":"Achat immobilier | Marbella, Costa del Sol | Strand Properties","description":"Des agents exp\u00e9riment\u00e9s, un service haut de gamme pour les acheteurs, vendeurs et promoteurs, un vaste r\u00e9seau international et une \u00e9quipe back office r\u00e9unissant une expertise de haut niveau en immobilier, technologie et design. Nous accompagnons nos clients en Espagne et en Finlande","robots":{"index":"index","follow":"follow","max-snippet":"max-snippet:-1","max-image-preview":"max-image-preview:large","max-video-preview":"max-video-preview:-1"},"canonical":"https:\/\/strandproperties.com\/fr\/laissez-nous-trouver-votre-destination-de-reve-2\/","og_locale":"fr_FR","og_type":"article","og_title":"Achat immobilier | Marbella, Costa del Sol | Strand Properties","og_description":"Des agents exp\u00e9riment\u00e9s, un service haut de gamme pour les acheteurs, vendeurs et promoteurs, un vaste r\u00e9seau international et une \u00e9quipe back office r\u00e9unissant une expertise de haut niveau en immobilier, technologie et design. Nous accompagnons nos clients en Espagne et en Finlande","og_url":"https:\/\/strandproperties.com\/fr\/laissez-nous-trouver-votre-destination-de-reve-2\/","og_site_name":"Strand Properties","article_publisher":"https:\/\/www.facebook.com\/strandspain\/","article_modified_time":"2025-07-09T08:29:29+00:00","og_image":[{"width":1200,"height":750,"url":"https:\/\/strandproperties.com\/wp-content\/uploads\/2020\/06\/strand-properties-logo.jpg","type":"image\/jpeg"}],"twitter_card":"summary_large_image","schema":{"@context":"https:\/\/schema.org","@graph":[{"@type":"WebPage","@id":"https:\/\/strandproperties.com\/fr\/laissez-nous-trouver-votre-destination-de-reve-2\/","url":"https:\/\/strandproperties.com\/fr\/laissez-nous-trouver-votre-destination-de-reve-2\/","name":"Achat immobilier | Marbella, Costa del Sol | Strand Properties","isPartOf":{"@id":"https:\/\/strandproperties.com\/fi\/#website"},"datePublished":"2020-03-18T12:55:38+00:00","dateModified":"2025-07-09T08:29:29+00:00","description":"Des agents exp\u00e9riment\u00e9s, un service haut de gamme pour les acheteurs, vendeurs et promoteurs, un vaste r\u00e9seau international et une \u00e9quipe back office r\u00e9unissant une expertise de haut niveau en immobilier, technologie et design. Nous accompagnons nos clients en Espagne et en Finlande","breadcrumb":{"@id":"https:\/\/strandproperties.com\/fr\/laissez-nous-trouver-votre-destination-de-reve-2\/#breadcrumb"},"inLanguage":"fr-FR","potentialAction":[{"@type":"ReadAction","target":["https:\/\/strandproperties.com\/fr\/laissez-nous-trouver-votre-destination-de-reve-2\/"]}]},{"@type":"BreadcrumbList","@id":"https:\/\/strandproperties.com\/fr\/laissez-nous-trouver-votre-destination-de-reve-2\/#breadcrumb","itemListElement":[{"@type":"ListItem","position":1,"name":"Home","item":"https:\/\/strandproperties.com\/fr\/"},{"@type":"ListItem","position":2,"name":"Acheter avec nous"}]},{"@type":"WebSite","@id":"https:\/\/strandproperties.com\/fi\/#website","url":"https:\/\/strandproperties.com\/fi\/","name":"Strand Properties","description":"-","publisher":{"@id":"https:\/\/strandproperties.com\/fi\/#organization"},"potentialAction":[{"@type":"SearchAction","target":{"@type":"EntryPoint","urlTemplate":"https:\/\/strandproperties.com\/fi\/?s={search_term_string}"},"query-input":{"@type":"PropertyValueSpecification","valueRequired":true,"valueName":"search_term_string"}}],"inLanguage":"fr-FR"},{"@type":"Organization","@id":"https:\/\/strandproperties.com\/fi\/#organization","name":"Strand Properties","url":"https:\/\/strandproperties.com\/fi\/","logo":{"@type":"ImageObject","inLanguage":"fr-FR","@id":"https:\/\/strandproperties.com\/fi\/#\/schema\/logo\/image\/","url":"https:\/\/strandproperties.com\/wp-content\/uploads\/2020\/06\/strand-properties-logo.jpg","contentUrl":"https:\/\/strandproperties.com\/wp-content\/uploads\/2020\/06\/strand-properties-logo.jpg","width":1200,"height":750,"caption":"Strand Properties"},"image":{"@id":"https:\/\/strandproperties.com\/fi\/#\/schema\/logo\/image\/"},"sameAs":["https:\/\/www.facebook.com\/strandspain\/","https:\/\/www.instagram.com\/strandproperties\/"]}]}},"_links":{"self":[{"href":"https:\/\/strandproperties.com\/fr\/wp-json\/wp\/v2\/pages\/3226","targetHints":{"allow":["GET"]}}],"collection":[{"href":"https:\/\/strandproperties.com\/fr\/wp-json\/wp\/v2\/pages"}],"about":[{"href":"https:\/\/strandproperties.com\/fr\/wp-json\/wp\/v2\/types\/page"}],"author":[{"embeddable":true,"href":"https:\/\/strandproperties.com\/fr\/wp-json\/wp\/v2\/users\/3"}],"replies":[{"embeddable":true,"href":"https:\/\/strandproperties.com\/fr\/wp-json\/wp\/v2\/comments?post=3226"}],"version-history":[{"count":6,"href":"https:\/\/strandproperties.com\/fr\/wp-json\/wp\/v2\/pages\/3226\/revisions"}],"predecessor-version":[{"id":39680,"href":"https:\/\/strandproperties.com\/fr\/wp-json\/wp\/v2\/pages\/3226\/revisions\/39680"}],"wp:attachment":[{"href":"https:\/\/strandproperties.com\/fr\/wp-json\/wp\/v2\/media?parent=3226"}],"curies":[{"name":"wp","href":"https:\/\/api.w.org\/{rel}","templated":true}]}}