{"id":32372,"date":"2024-04-02T16:43:11","date_gmt":"2024-04-02T16:43:11","guid":{"rendered":"https:\/\/strandproperties.com\/company\/"},"modified":"2025-07-09T08:38:28","modified_gmt":"2025-07-09T08:38:28","slug":"entreprise","status":"publish","type":"page","link":"https:\/\/strandproperties.com\/fr\/entreprise\/","title":{"rendered":"A propos de nous"},"content":{"rendered":"","protected":false},"excerpt":{"rendered":"","protected":false},"author":10,"featured_media":0,"parent":0,"menu_order":0,"comment_status":"closed","ping_status":"closed","template":"page-blocks-new.php","meta":{"_acf_changed":false,"footnotes":""},"class_list":["post-32372","page","type-page","status-publish","hentry"],"acf":[],"yoast_head":"<!-- This site is optimized with the Yoast SEO plugin v27.1.1 - https:\/\/yoast.com\/product\/yoast-seo-wordpress\/ -->\n<title>A propos de nous - Strand Properties<\/title>\n<meta name=\"description\" content=\"Des agents exp\u00e9riment\u00e9s, des r\u00e9seaux internationaux, des biens uniques et une volont\u00e9 d\u2019offrir un service haut de gamme. Nous sommes Strand Properties, une agence immobili\u00e8re d\u2019origine finlandaise dont l\u2019histoire a commenc\u00e9 sur la c\u00f4te sud de l\u2019Espagne. Aujourd\u2019hui, nous sommes pr\u00e9sents en Finlande et en Espagne.\" \/>\n<meta name=\"robots\" content=\"noindex, nofollow\" \/>\n<meta property=\"og:locale\" content=\"fr_FR\" \/>\n<meta property=\"og:type\" content=\"article\" \/>\n<meta property=\"og:title\" content=\"A propos de nous - Strand Properties\" \/>\n<meta property=\"og:description\" content=\"Des agents exp\u00e9riment\u00e9s, des r\u00e9seaux internationaux, des biens uniques et une volont\u00e9 d\u2019offrir un service haut de gamme. Nous sommes Strand Properties, une agence immobili\u00e8re d\u2019origine finlandaise dont l\u2019histoire a commenc\u00e9 sur la c\u00f4te sud de l\u2019Espagne. Aujourd\u2019hui, nous sommes pr\u00e9sents en Finlande et en Espagne.\" \/>\n<meta property=\"og:url\" content=\"https:\/\/strandproperties.com\/fr\/entreprise\/\" \/>\n<meta property=\"og:site_name\" content=\"Strand Properties\" \/>\n<meta property=\"article:publisher\" content=\"https:\/\/www.facebook.com\/strandspain\/\" \/>\n<meta property=\"article:modified_time\" content=\"2025-07-09T08:38:28+00:00\" \/>\n<meta property=\"og:image\" content=\"https:\/\/strandproperties.com\/wp-content\/uploads\/2020\/06\/strand-properties-logo.jpg\" \/>\n\t<meta property=\"og:image:width\" content=\"1200\" \/>\n\t<meta property=\"og:image:height\" content=\"750\" \/>\n\t<meta property=\"og:image:type\" content=\"image\/jpeg\" \/>\n<meta name=\"twitter:card\" content=\"summary_large_image\" \/>\n<script type=\"application\/ld+json\" class=\"yoast-schema-graph\">{\"@context\":\"https:\/\/schema.org\",\"@graph\":[{\"@type\":\"WebPage\",\"@id\":\"https:\/\/strandproperties.com\/fr\/entreprise\/\",\"url\":\"https:\/\/strandproperties.com\/fr\/entreprise\/\",\"name\":\"A propos de nous - Strand Properties\",\"isPartOf\":{\"@id\":\"https:\/\/strandproperties.com\/fi\/#website\"},\"datePublished\":\"2024-04-02T16:43:11+00:00\",\"dateModified\":\"2025-07-09T08:38:28+00:00\",\"description\":\"Des agents exp\u00e9riment\u00e9s, des r\u00e9seaux internationaux, des biens uniques et une volont\u00e9 d\u2019offrir un service haut de gamme. Nous sommes Strand Properties, une agence immobili\u00e8re d\u2019origine finlandaise dont l\u2019histoire a commenc\u00e9 sur la c\u00f4te sud de l\u2019Espagne. Aujourd\u2019hui, nous sommes pr\u00e9sents en Finlande et en Espagne.\",\"breadcrumb\":{\"@id\":\"https:\/\/strandproperties.com\/fr\/entreprise\/#breadcrumb\"},\"inLanguage\":\"fr-FR\",\"potentialAction\":[{\"@type\":\"ReadAction\",\"target\":[\"https:\/\/strandproperties.com\/fr\/entreprise\/\"]}]},{\"@type\":\"BreadcrumbList\",\"@id\":\"https:\/\/strandproperties.com\/fr\/entreprise\/#breadcrumb\",\"itemListElement\":[{\"@type\":\"ListItem\",\"position\":1,\"name\":\"Home\",\"item\":\"https:\/\/strandproperties.com\/fr\/\"},{\"@type\":\"ListItem\",\"position\":2,\"name\":\"A propos de nous\"}]},{\"@type\":\"WebSite\",\"@id\":\"https:\/\/strandproperties.com\/fi\/#website\",\"url\":\"https:\/\/strandproperties.com\/fi\/\",\"name\":\"Strand Properties\",\"description\":\"-\",\"publisher\":{\"@id\":\"https:\/\/strandproperties.com\/fi\/#organization\"},\"potentialAction\":[{\"@type\":\"SearchAction\",\"target\":{\"@type\":\"EntryPoint\",\"urlTemplate\":\"https:\/\/strandproperties.com\/fi\/?s={search_term_string}\"},\"query-input\":{\"@type\":\"PropertyValueSpecification\",\"valueRequired\":true,\"valueName\":\"search_term_string\"}}],\"inLanguage\":\"fr-FR\"},{\"@type\":\"Organization\",\"@id\":\"https:\/\/strandproperties.com\/fi\/#organization\",\"name\":\"Strand Properties\",\"url\":\"https:\/\/strandproperties.com\/fi\/\",\"logo\":{\"@type\":\"ImageObject\",\"inLanguage\":\"fr-FR\",\"@id\":\"https:\/\/strandproperties.com\/fi\/#\/schema\/logo\/image\/\",\"url\":\"https:\/\/strandproperties.com\/wp-content\/uploads\/2020\/06\/strand-properties-logo.jpg\",\"contentUrl\":\"https:\/\/strandproperties.com\/wp-content\/uploads\/2020\/06\/strand-properties-logo.jpg\",\"width\":1200,\"height\":750,\"caption\":\"Strand Properties\"},\"image\":{\"@id\":\"https:\/\/strandproperties.com\/fi\/#\/schema\/logo\/image\/\"},\"sameAs\":[\"https:\/\/www.facebook.com\/strandspain\/\",\"https:\/\/www.instagram.com\/strandproperties\/\"]}]}<\/script>\n<!-- \/ Yoast SEO plugin. -->","yoast_head_json":{"title":"A propos de nous - Strand Properties","description":"Des agents exp\u00e9riment\u00e9s, des r\u00e9seaux internationaux, des biens uniques et une volont\u00e9 d\u2019offrir un service haut de gamme. Nous sommes Strand Properties, une agence immobili\u00e8re d\u2019origine finlandaise dont l\u2019histoire a commenc\u00e9 sur la c\u00f4te sud de l\u2019Espagne. Aujourd\u2019hui, nous sommes pr\u00e9sents en Finlande et en Espagne.","robots":{"index":"noindex","follow":"nofollow"},"og_locale":"fr_FR","og_type":"article","og_title":"A propos de nous - Strand Properties","og_description":"Des agents exp\u00e9riment\u00e9s, des r\u00e9seaux internationaux, des biens uniques et une volont\u00e9 d\u2019offrir un service haut de gamme. Nous sommes Strand Properties, une agence immobili\u00e8re d\u2019origine finlandaise dont l\u2019histoire a commenc\u00e9 sur la c\u00f4te sud de l\u2019Espagne. Aujourd\u2019hui, nous sommes pr\u00e9sents en Finlande et en Espagne.","og_url":"https:\/\/strandproperties.com\/fr\/entreprise\/","og_site_name":"Strand Properties","article_publisher":"https:\/\/www.facebook.com\/strandspain\/","article_modified_time":"2025-07-09T08:38:28+00:00","og_image":[{"width":1200,"height":750,"url":"https:\/\/strandproperties.com\/wp-content\/uploads\/2020\/06\/strand-properties-logo.jpg","type":"image\/jpeg"}],"twitter_card":"summary_large_image","schema":{"@context":"https:\/\/schema.org","@graph":[{"@type":"WebPage","@id":"https:\/\/strandproperties.com\/fr\/entreprise\/","url":"https:\/\/strandproperties.com\/fr\/entreprise\/","name":"A propos de nous - Strand Properties","isPartOf":{"@id":"https:\/\/strandproperties.com\/fi\/#website"},"datePublished":"2024-04-02T16:43:11+00:00","dateModified":"2025-07-09T08:38:28+00:00","description":"Des agents exp\u00e9riment\u00e9s, des r\u00e9seaux internationaux, des biens uniques et une volont\u00e9 d\u2019offrir un service haut de gamme. Nous sommes Strand Properties, une agence immobili\u00e8re d\u2019origine finlandaise dont l\u2019histoire a commenc\u00e9 sur la c\u00f4te sud de l\u2019Espagne. Aujourd\u2019hui, nous sommes pr\u00e9sents en Finlande et en Espagne.","breadcrumb":{"@id":"https:\/\/strandproperties.com\/fr\/entreprise\/#breadcrumb"},"inLanguage":"fr-FR","potentialAction":[{"@type":"ReadAction","target":["https:\/\/strandproperties.com\/fr\/entreprise\/"]}]},{"@type":"BreadcrumbList","@id":"https:\/\/strandproperties.com\/fr\/entreprise\/#breadcrumb","itemListElement":[{"@type":"ListItem","position":1,"name":"Home","item":"https:\/\/strandproperties.com\/fr\/"},{"@type":"ListItem","position":2,"name":"A propos de nous"}]},{"@type":"WebSite","@id":"https:\/\/strandproperties.com\/fi\/#website","url":"https:\/\/strandproperties.com\/fi\/","name":"Strand Properties","description":"-","publisher":{"@id":"https:\/\/strandproperties.com\/fi\/#organization"},"potentialAction":[{"@type":"SearchAction","target":{"@type":"EntryPoint","urlTemplate":"https:\/\/strandproperties.com\/fi\/?s={search_term_string}"},"query-input":{"@type":"PropertyValueSpecification","valueRequired":true,"valueName":"search_term_string"}}],"inLanguage":"fr-FR"},{"@type":"Organization","@id":"https:\/\/strandproperties.com\/fi\/#organization","name":"Strand Properties","url":"https:\/\/strandproperties.com\/fi\/","logo":{"@type":"ImageObject","inLanguage":"fr-FR","@id":"https:\/\/strandproperties.com\/fi\/#\/schema\/logo\/image\/","url":"https:\/\/strandproperties.com\/wp-content\/uploads\/2020\/06\/strand-properties-logo.jpg","contentUrl":"https:\/\/strandproperties.com\/wp-content\/uploads\/2020\/06\/strand-properties-logo.jpg","width":1200,"height":750,"caption":"Strand Properties"},"image":{"@id":"https:\/\/strandproperties.com\/fi\/#\/schema\/logo\/image\/"},"sameAs":["https:\/\/www.facebook.com\/strandspain\/","https:\/\/www.instagram.com\/strandproperties\/"]}]}},"_links":{"self":[{"href":"https:\/\/strandproperties.com\/fr\/wp-json\/wp\/v2\/pages\/32372","targetHints":{"allow":["GET"]}}],"collection":[{"href":"https:\/\/strandproperties.com\/fr\/wp-json\/wp\/v2\/pages"}],"about":[{"href":"https:\/\/strandproperties.com\/fr\/wp-json\/wp\/v2\/types\/page"}],"author":[{"embeddable":true,"href":"https:\/\/strandproperties.com\/fr\/wp-json\/wp\/v2\/users\/10"}],"replies":[{"embeddable":true,"href":"https:\/\/strandproperties.com\/fr\/wp-json\/wp\/v2\/comments?post=32372"}],"version-history":[{"count":13,"href":"https:\/\/strandproperties.com\/fr\/wp-json\/wp\/v2\/pages\/32372\/revisions"}],"predecessor-version":[{"id":39682,"href":"https:\/\/strandproperties.com\/fr\/wp-json\/wp\/v2\/pages\/32372\/revisions\/39682"}],"wp:attachment":[{"href":"https:\/\/strandproperties.com\/fr\/wp-json\/wp\/v2\/media?parent=32372"}],"curies":[{"name":"wp","href":"https:\/\/api.w.org\/{rel}","templated":true}]}}