{"id":3289,"date":"2020-06-29T08:36:24","date_gmt":"2020-06-29T08:36:24","guid":{"rendered":"https:\/\/strandproperties.com\/for-developers\/"},"modified":"2025-06-25T14:20:36","modified_gmt":"2025-06-25T14:20:36","slug":"pour-les-developpeurs","status":"publish","type":"page","link":"https:\/\/strandproperties.com\/fr\/pour-les-developpeurs\/","title":{"rendered":"Marketing immobilier moderne pour les promoteurs immobiliers"},"content":{"rendered":"","protected":false},"excerpt":{"rendered":"","protected":false},"author":1,"featured_media":0,"parent":0,"menu_order":0,"comment_status":"closed","ping_status":"closed","template":"page-blocks-new.php","meta":{"_acf_changed":false,"footnotes":""},"class_list":["post-3289","page","type-page","status-publish","hentry"],"acf":[],"yoast_head":"<!-- This site is optimized with the Yoast SEO plugin v27.1.1 - https:\/\/yoast.com\/product\/yoast-seo-wordpress\/ -->\n<title>Pour les promoteurs | Votre partenaire en design d\u2019int\u00e9rieur | Strand Properties<\/title>\n<meta name=\"description\" content=\"Des agents exp\u00e9riment\u00e9s, un service haut de gamme pour les acheteurs, les vendeurs et les promoteurs, un vaste r\u00e9seau international, ainsi qu\u2019une \u00e9quipe back-office r\u00e9unissant une expertise pointue en immobilier, technologie et design. Nous accompagnons nos clients en Espagne et en Finlande.\" \/>\n<meta name=\"robots\" content=\"index, follow, max-snippet:-1, max-image-preview:large, max-video-preview:-1\" \/>\n<link rel=\"canonical\" href=\"https:\/\/strandproperties.com\/fr\/pour-les-developpeurs\/\" \/>\n<meta property=\"og:locale\" content=\"fr_FR\" \/>\n<meta property=\"og:type\" content=\"article\" \/>\n<meta property=\"og:title\" content=\"Pour les promoteurs | Votre partenaire en design d\u2019int\u00e9rieur | Strand Properties\" \/>\n<meta property=\"og:description\" content=\"Des agents exp\u00e9riment\u00e9s, un service haut de gamme pour les acheteurs, les vendeurs et les promoteurs, un vaste r\u00e9seau international, ainsi qu\u2019une \u00e9quipe back-office r\u00e9unissant une expertise pointue en immobilier, technologie et design. Nous accompagnons nos clients en Espagne et en Finlande.\" \/>\n<meta property=\"og:url\" content=\"https:\/\/strandproperties.com\/fr\/pour-les-developpeurs\/\" \/>\n<meta property=\"og:site_name\" content=\"Strand Properties\" \/>\n<meta property=\"article:publisher\" content=\"https:\/\/www.facebook.com\/strandspain\/\" \/>\n<meta property=\"article:modified_time\" content=\"2025-06-25T14:20:36+00:00\" \/>\n<meta property=\"og:image\" content=\"https:\/\/strandproperties.com\/wp-content\/uploads\/2020\/06\/strand-properties-logo.jpg\" \/>\n\t<meta property=\"og:image:width\" content=\"1200\" \/>\n\t<meta property=\"og:image:height\" content=\"750\" \/>\n\t<meta property=\"og:image:type\" content=\"image\/jpeg\" \/>\n<meta name=\"twitter:card\" content=\"summary_large_image\" \/>\n<script type=\"application\/ld+json\" class=\"yoast-schema-graph\">{\"@context\":\"https:\/\/schema.org\",\"@graph\":[{\"@type\":\"WebPage\",\"@id\":\"https:\/\/strandproperties.com\/fr\/pour-les-developpeurs\/\",\"url\":\"https:\/\/strandproperties.com\/fr\/pour-les-developpeurs\/\",\"name\":\"Pour les promoteurs | Votre partenaire en design d\u2019int\u00e9rieur | Strand Properties\",\"isPartOf\":{\"@id\":\"https:\/\/strandproperties.com\/fi\/#website\"},\"datePublished\":\"2020-06-29T08:36:24+00:00\",\"dateModified\":\"2025-06-25T14:20:36+00:00\",\"description\":\"Des agents exp\u00e9riment\u00e9s, un service haut de gamme pour les acheteurs, les vendeurs et les promoteurs, un vaste r\u00e9seau international, ainsi qu\u2019une \u00e9quipe back-office r\u00e9unissant une expertise pointue en immobilier, technologie et design. Nous accompagnons nos clients en Espagne et en Finlande.\",\"breadcrumb\":{\"@id\":\"https:\/\/strandproperties.com\/fr\/pour-les-developpeurs\/#breadcrumb\"},\"inLanguage\":\"fr-FR\",\"potentialAction\":[{\"@type\":\"ReadAction\",\"target\":[\"https:\/\/strandproperties.com\/fr\/pour-les-developpeurs\/\"]}]},{\"@type\":\"BreadcrumbList\",\"@id\":\"https:\/\/strandproperties.com\/fr\/pour-les-developpeurs\/#breadcrumb\",\"itemListElement\":[{\"@type\":\"ListItem\",\"position\":1,\"name\":\"Home\",\"item\":\"https:\/\/strandproperties.com\/fr\/\"},{\"@type\":\"ListItem\",\"position\":2,\"name\":\"Marketing immobilier moderne pour les promoteurs immobiliers\"}]},{\"@type\":\"WebSite\",\"@id\":\"https:\/\/strandproperties.com\/fi\/#website\",\"url\":\"https:\/\/strandproperties.com\/fi\/\",\"name\":\"Strand Properties\",\"description\":\"-\",\"publisher\":{\"@id\":\"https:\/\/strandproperties.com\/fi\/#organization\"},\"potentialAction\":[{\"@type\":\"SearchAction\",\"target\":{\"@type\":\"EntryPoint\",\"urlTemplate\":\"https:\/\/strandproperties.com\/fi\/?s={search_term_string}\"},\"query-input\":{\"@type\":\"PropertyValueSpecification\",\"valueRequired\":true,\"valueName\":\"search_term_string\"}}],\"inLanguage\":\"fr-FR\"},{\"@type\":\"Organization\",\"@id\":\"https:\/\/strandproperties.com\/fi\/#organization\",\"name\":\"Strand Properties\",\"url\":\"https:\/\/strandproperties.com\/fi\/\",\"logo\":{\"@type\":\"ImageObject\",\"inLanguage\":\"fr-FR\",\"@id\":\"https:\/\/strandproperties.com\/fi\/#\/schema\/logo\/image\/\",\"url\":\"https:\/\/strandproperties.com\/wp-content\/uploads\/2020\/06\/strand-properties-logo.jpg\",\"contentUrl\":\"https:\/\/strandproperties.com\/wp-content\/uploads\/2020\/06\/strand-properties-logo.jpg\",\"width\":1200,\"height\":750,\"caption\":\"Strand Properties\"},\"image\":{\"@id\":\"https:\/\/strandproperties.com\/fi\/#\/schema\/logo\/image\/\"},\"sameAs\":[\"https:\/\/www.facebook.com\/strandspain\/\",\"https:\/\/www.instagram.com\/strandproperties\/\"]}]}<\/script>\n<!-- \/ Yoast SEO plugin. -->","yoast_head_json":{"title":"Pour les promoteurs | Votre partenaire en design d\u2019int\u00e9rieur | Strand Properties","description":"Des agents exp\u00e9riment\u00e9s, un service haut de gamme pour les acheteurs, les vendeurs et les promoteurs, un vaste r\u00e9seau international, ainsi qu\u2019une \u00e9quipe back-office r\u00e9unissant une expertise pointue en immobilier, technologie et design. Nous accompagnons nos clients en Espagne et en Finlande.","robots":{"index":"index","follow":"follow","max-snippet":"max-snippet:-1","max-image-preview":"max-image-preview:large","max-video-preview":"max-video-preview:-1"},"canonical":"https:\/\/strandproperties.com\/fr\/pour-les-developpeurs\/","og_locale":"fr_FR","og_type":"article","og_title":"Pour les promoteurs | Votre partenaire en design d\u2019int\u00e9rieur | Strand Properties","og_description":"Des agents exp\u00e9riment\u00e9s, un service haut de gamme pour les acheteurs, les vendeurs et les promoteurs, un vaste r\u00e9seau international, ainsi qu\u2019une \u00e9quipe back-office r\u00e9unissant une expertise pointue en immobilier, technologie et design. Nous accompagnons nos clients en Espagne et en Finlande.","og_url":"https:\/\/strandproperties.com\/fr\/pour-les-developpeurs\/","og_site_name":"Strand Properties","article_publisher":"https:\/\/www.facebook.com\/strandspain\/","article_modified_time":"2025-06-25T14:20:36+00:00","og_image":[{"width":1200,"height":750,"url":"https:\/\/strandproperties.com\/wp-content\/uploads\/2020\/06\/strand-properties-logo.jpg","type":"image\/jpeg"}],"twitter_card":"summary_large_image","schema":{"@context":"https:\/\/schema.org","@graph":[{"@type":"WebPage","@id":"https:\/\/strandproperties.com\/fr\/pour-les-developpeurs\/","url":"https:\/\/strandproperties.com\/fr\/pour-les-developpeurs\/","name":"Pour les promoteurs | Votre partenaire en design d\u2019int\u00e9rieur | Strand Properties","isPartOf":{"@id":"https:\/\/strandproperties.com\/fi\/#website"},"datePublished":"2020-06-29T08:36:24+00:00","dateModified":"2025-06-25T14:20:36+00:00","description":"Des agents exp\u00e9riment\u00e9s, un service haut de gamme pour les acheteurs, les vendeurs et les promoteurs, un vaste r\u00e9seau international, ainsi qu\u2019une \u00e9quipe back-office r\u00e9unissant une expertise pointue en immobilier, technologie et design. Nous accompagnons nos clients en Espagne et en Finlande.","breadcrumb":{"@id":"https:\/\/strandproperties.com\/fr\/pour-les-developpeurs\/#breadcrumb"},"inLanguage":"fr-FR","potentialAction":[{"@type":"ReadAction","target":["https:\/\/strandproperties.com\/fr\/pour-les-developpeurs\/"]}]},{"@type":"BreadcrumbList","@id":"https:\/\/strandproperties.com\/fr\/pour-les-developpeurs\/#breadcrumb","itemListElement":[{"@type":"ListItem","position":1,"name":"Home","item":"https:\/\/strandproperties.com\/fr\/"},{"@type":"ListItem","position":2,"name":"Marketing immobilier moderne pour les promoteurs immobiliers"}]},{"@type":"WebSite","@id":"https:\/\/strandproperties.com\/fi\/#website","url":"https:\/\/strandproperties.com\/fi\/","name":"Strand Properties","description":"-","publisher":{"@id":"https:\/\/strandproperties.com\/fi\/#organization"},"potentialAction":[{"@type":"SearchAction","target":{"@type":"EntryPoint","urlTemplate":"https:\/\/strandproperties.com\/fi\/?s={search_term_string}"},"query-input":{"@type":"PropertyValueSpecification","valueRequired":true,"valueName":"search_term_string"}}],"inLanguage":"fr-FR"},{"@type":"Organization","@id":"https:\/\/strandproperties.com\/fi\/#organization","name":"Strand Properties","url":"https:\/\/strandproperties.com\/fi\/","logo":{"@type":"ImageObject","inLanguage":"fr-FR","@id":"https:\/\/strandproperties.com\/fi\/#\/schema\/logo\/image\/","url":"https:\/\/strandproperties.com\/wp-content\/uploads\/2020\/06\/strand-properties-logo.jpg","contentUrl":"https:\/\/strandproperties.com\/wp-content\/uploads\/2020\/06\/strand-properties-logo.jpg","width":1200,"height":750,"caption":"Strand Properties"},"image":{"@id":"https:\/\/strandproperties.com\/fi\/#\/schema\/logo\/image\/"},"sameAs":["https:\/\/www.facebook.com\/strandspain\/","https:\/\/www.instagram.com\/strandproperties\/"]}]}},"_links":{"self":[{"href":"https:\/\/strandproperties.com\/fr\/wp-json\/wp\/v2\/pages\/3289","targetHints":{"allow":["GET"]}}],"collection":[{"href":"https:\/\/strandproperties.com\/fr\/wp-json\/wp\/v2\/pages"}],"about":[{"href":"https:\/\/strandproperties.com\/fr\/wp-json\/wp\/v2\/types\/page"}],"author":[{"embeddable":true,"href":"https:\/\/strandproperties.com\/fr\/wp-json\/wp\/v2\/users\/1"}],"replies":[{"embeddable":true,"href":"https:\/\/strandproperties.com\/fr\/wp-json\/wp\/v2\/comments?post=3289"}],"version-history":[{"count":4,"href":"https:\/\/strandproperties.com\/fr\/wp-json\/wp\/v2\/pages\/3289\/revisions"}],"predecessor-version":[{"id":39317,"href":"https:\/\/strandproperties.com\/fr\/wp-json\/wp\/v2\/pages\/3289\/revisions\/39317"}],"wp:attachment":[{"href":"https:\/\/strandproperties.com\/fr\/wp-json\/wp\/v2\/media?parent=3289"}],"curies":[{"name":"wp","href":"https:\/\/api.w.org\/{rel}","templated":true}]}}