{"id":3323,"date":"2020-04-09T09:37:10","date_gmt":"2020-04-09T09:37:10","guid":{"rendered":"https:\/\/strandproperties.com\/sell-with-us\/"},"modified":"2025-07-09T08:27:36","modified_gmt":"2025-07-09T08:27:36","slug":"vendez-avec-nous","status":"publish","type":"page","link":"https:\/\/strandproperties.com\/fr\/vendez-avec-nous\/","title":{"rendered":"Vendre"},"content":{"rendered":"","protected":false},"excerpt":{"rendered":"","protected":false},"author":3,"featured_media":0,"parent":0,"menu_order":0,"comment_status":"closed","ping_status":"closed","template":"page-blocks-new.php","meta":{"_acf_changed":false,"footnotes":""},"class_list":["post-3323","page","type-page","status-publish","hentry"],"acf":[],"yoast_head":"<!-- This site is optimized with the Yoast SEO plugin v27.1.1 - https:\/\/yoast.com\/product\/yoast-seo-wordpress\/ -->\n<title>Vendre - Strand Properties<\/title>\n<meta name=\"description\" content=\"Strand Properties est une agence immobili\u00e8re fond\u00e9e sur une solide exp\u00e9rience et un service haut de gamme. Nous op\u00e9rons actuellement en Espagne et en Finlande. Votre bien est le logement r\u00eav\u00e9 de quelqu\u2019un, et chez Strand Properties, nous voulons qu\u2019il soit vendu \u00e0 la hauteur de ce qu\u2019il m\u00e9rite.\" \/>\n<meta name=\"robots\" content=\"index, follow, max-snippet:-1, max-image-preview:large, max-video-preview:-1\" \/>\n<link rel=\"canonical\" href=\"https:\/\/strandproperties.com\/fr\/vendez-avec-nous\/\" \/>\n<meta property=\"og:locale\" content=\"fr_FR\" \/>\n<meta property=\"og:type\" content=\"article\" \/>\n<meta property=\"og:title\" content=\"Vendre - Strand Properties\" \/>\n<meta property=\"og:description\" content=\"Strand Properties est une agence immobili\u00e8re fond\u00e9e sur une solide exp\u00e9rience et un service haut de gamme. Nous op\u00e9rons actuellement en Espagne et en Finlande. Votre bien est le logement r\u00eav\u00e9 de quelqu\u2019un, et chez Strand Properties, nous voulons qu\u2019il soit vendu \u00e0 la hauteur de ce qu\u2019il m\u00e9rite.\" \/>\n<meta property=\"og:url\" content=\"https:\/\/strandproperties.com\/fr\/vendez-avec-nous\/\" \/>\n<meta property=\"og:site_name\" content=\"Strand Properties\" \/>\n<meta property=\"article:publisher\" content=\"https:\/\/www.facebook.com\/strandspain\/\" \/>\n<meta property=\"article:modified_time\" content=\"2025-07-09T08:27:36+00:00\" \/>\n<meta property=\"og:image\" content=\"https:\/\/strandproperties.com\/wp-content\/uploads\/2020\/06\/strand-properties-logo.jpg\" \/>\n\t<meta property=\"og:image:width\" content=\"1200\" \/>\n\t<meta property=\"og:image:height\" content=\"750\" \/>\n\t<meta property=\"og:image:type\" content=\"image\/jpeg\" \/>\n<meta name=\"twitter:card\" content=\"summary_large_image\" \/>\n<script type=\"application\/ld+json\" class=\"yoast-schema-graph\">{\"@context\":\"https:\/\/schema.org\",\"@graph\":[{\"@type\":\"WebPage\",\"@id\":\"https:\/\/strandproperties.com\/fr\/vendez-avec-nous\/\",\"url\":\"https:\/\/strandproperties.com\/fr\/vendez-avec-nous\/\",\"name\":\"Vendre - Strand Properties\",\"isPartOf\":{\"@id\":\"https:\/\/strandproperties.com\/fi\/#website\"},\"datePublished\":\"2020-04-09T09:37:10+00:00\",\"dateModified\":\"2025-07-09T08:27:36+00:00\",\"description\":\"Strand Properties est une agence immobili\u00e8re fond\u00e9e sur une solide exp\u00e9rience et un service haut de gamme. Nous op\u00e9rons actuellement en Espagne et en Finlande. Votre bien est le logement r\u00eav\u00e9 de quelqu\u2019un, et chez Strand Properties, nous voulons qu\u2019il soit vendu \u00e0 la hauteur de ce qu\u2019il m\u00e9rite.\",\"breadcrumb\":{\"@id\":\"https:\/\/strandproperties.com\/fr\/vendez-avec-nous\/#breadcrumb\"},\"inLanguage\":\"fr-FR\",\"potentialAction\":[{\"@type\":\"ReadAction\",\"target\":[\"https:\/\/strandproperties.com\/fr\/vendez-avec-nous\/\"]}]},{\"@type\":\"BreadcrumbList\",\"@id\":\"https:\/\/strandproperties.com\/fr\/vendez-avec-nous\/#breadcrumb\",\"itemListElement\":[{\"@type\":\"ListItem\",\"position\":1,\"name\":\"Home\",\"item\":\"https:\/\/strandproperties.com\/fr\/\"},{\"@type\":\"ListItem\",\"position\":2,\"name\":\"Vendre\"}]},{\"@type\":\"WebSite\",\"@id\":\"https:\/\/strandproperties.com\/fi\/#website\",\"url\":\"https:\/\/strandproperties.com\/fi\/\",\"name\":\"Strand Properties\",\"description\":\"-\",\"publisher\":{\"@id\":\"https:\/\/strandproperties.com\/fi\/#organization\"},\"potentialAction\":[{\"@type\":\"SearchAction\",\"target\":{\"@type\":\"EntryPoint\",\"urlTemplate\":\"https:\/\/strandproperties.com\/fi\/?s={search_term_string}\"},\"query-input\":{\"@type\":\"PropertyValueSpecification\",\"valueRequired\":true,\"valueName\":\"search_term_string\"}}],\"inLanguage\":\"fr-FR\"},{\"@type\":\"Organization\",\"@id\":\"https:\/\/strandproperties.com\/fi\/#organization\",\"name\":\"Strand Properties\",\"url\":\"https:\/\/strandproperties.com\/fi\/\",\"logo\":{\"@type\":\"ImageObject\",\"inLanguage\":\"fr-FR\",\"@id\":\"https:\/\/strandproperties.com\/fi\/#\/schema\/logo\/image\/\",\"url\":\"https:\/\/strandproperties.com\/wp-content\/uploads\/2020\/06\/strand-properties-logo.jpg\",\"contentUrl\":\"https:\/\/strandproperties.com\/wp-content\/uploads\/2020\/06\/strand-properties-logo.jpg\",\"width\":1200,\"height\":750,\"caption\":\"Strand Properties\"},\"image\":{\"@id\":\"https:\/\/strandproperties.com\/fi\/#\/schema\/logo\/image\/\"},\"sameAs\":[\"https:\/\/www.facebook.com\/strandspain\/\",\"https:\/\/www.instagram.com\/strandproperties\/\"]}]}<\/script>\n<!-- \/ Yoast SEO plugin. -->","yoast_head_json":{"title":"Vendre - Strand Properties","description":"Strand Properties est une agence immobili\u00e8re fond\u00e9e sur une solide exp\u00e9rience et un service haut de gamme. Nous op\u00e9rons actuellement en Espagne et en Finlande. Votre bien est le logement r\u00eav\u00e9 de quelqu\u2019un, et chez Strand Properties, nous voulons qu\u2019il soit vendu \u00e0 la hauteur de ce qu\u2019il m\u00e9rite.","robots":{"index":"index","follow":"follow","max-snippet":"max-snippet:-1","max-image-preview":"max-image-preview:large","max-video-preview":"max-video-preview:-1"},"canonical":"https:\/\/strandproperties.com\/fr\/vendez-avec-nous\/","og_locale":"fr_FR","og_type":"article","og_title":"Vendre - Strand Properties","og_description":"Strand Properties est une agence immobili\u00e8re fond\u00e9e sur une solide exp\u00e9rience et un service haut de gamme. Nous op\u00e9rons actuellement en Espagne et en Finlande. Votre bien est le logement r\u00eav\u00e9 de quelqu\u2019un, et chez Strand Properties, nous voulons qu\u2019il soit vendu \u00e0 la hauteur de ce qu\u2019il m\u00e9rite.","og_url":"https:\/\/strandproperties.com\/fr\/vendez-avec-nous\/","og_site_name":"Strand Properties","article_publisher":"https:\/\/www.facebook.com\/strandspain\/","article_modified_time":"2025-07-09T08:27:36+00:00","og_image":[{"width":1200,"height":750,"url":"https:\/\/strandproperties.com\/wp-content\/uploads\/2020\/06\/strand-properties-logo.jpg","type":"image\/jpeg"}],"twitter_card":"summary_large_image","schema":{"@context":"https:\/\/schema.org","@graph":[{"@type":"WebPage","@id":"https:\/\/strandproperties.com\/fr\/vendez-avec-nous\/","url":"https:\/\/strandproperties.com\/fr\/vendez-avec-nous\/","name":"Vendre - Strand Properties","isPartOf":{"@id":"https:\/\/strandproperties.com\/fi\/#website"},"datePublished":"2020-04-09T09:37:10+00:00","dateModified":"2025-07-09T08:27:36+00:00","description":"Strand Properties est une agence immobili\u00e8re fond\u00e9e sur une solide exp\u00e9rience et un service haut de gamme. Nous op\u00e9rons actuellement en Espagne et en Finlande. Votre bien est le logement r\u00eav\u00e9 de quelqu\u2019un, et chez Strand Properties, nous voulons qu\u2019il soit vendu \u00e0 la hauteur de ce qu\u2019il m\u00e9rite.","breadcrumb":{"@id":"https:\/\/strandproperties.com\/fr\/vendez-avec-nous\/#breadcrumb"},"inLanguage":"fr-FR","potentialAction":[{"@type":"ReadAction","target":["https:\/\/strandproperties.com\/fr\/vendez-avec-nous\/"]}]},{"@type":"BreadcrumbList","@id":"https:\/\/strandproperties.com\/fr\/vendez-avec-nous\/#breadcrumb","itemListElement":[{"@type":"ListItem","position":1,"name":"Home","item":"https:\/\/strandproperties.com\/fr\/"},{"@type":"ListItem","position":2,"name":"Vendre"}]},{"@type":"WebSite","@id":"https:\/\/strandproperties.com\/fi\/#website","url":"https:\/\/strandproperties.com\/fi\/","name":"Strand Properties","description":"-","publisher":{"@id":"https:\/\/strandproperties.com\/fi\/#organization"},"potentialAction":[{"@type":"SearchAction","target":{"@type":"EntryPoint","urlTemplate":"https:\/\/strandproperties.com\/fi\/?s={search_term_string}"},"query-input":{"@type":"PropertyValueSpecification","valueRequired":true,"valueName":"search_term_string"}}],"inLanguage":"fr-FR"},{"@type":"Organization","@id":"https:\/\/strandproperties.com\/fi\/#organization","name":"Strand Properties","url":"https:\/\/strandproperties.com\/fi\/","logo":{"@type":"ImageObject","inLanguage":"fr-FR","@id":"https:\/\/strandproperties.com\/fi\/#\/schema\/logo\/image\/","url":"https:\/\/strandproperties.com\/wp-content\/uploads\/2020\/06\/strand-properties-logo.jpg","contentUrl":"https:\/\/strandproperties.com\/wp-content\/uploads\/2020\/06\/strand-properties-logo.jpg","width":1200,"height":750,"caption":"Strand Properties"},"image":{"@id":"https:\/\/strandproperties.com\/fi\/#\/schema\/logo\/image\/"},"sameAs":["https:\/\/www.facebook.com\/strandspain\/","https:\/\/www.instagram.com\/strandproperties\/"]}]}},"_links":{"self":[{"href":"https:\/\/strandproperties.com\/fr\/wp-json\/wp\/v2\/pages\/3323","targetHints":{"allow":["GET"]}}],"collection":[{"href":"https:\/\/strandproperties.com\/fr\/wp-json\/wp\/v2\/pages"}],"about":[{"href":"https:\/\/strandproperties.com\/fr\/wp-json\/wp\/v2\/types\/page"}],"author":[{"embeddable":true,"href":"https:\/\/strandproperties.com\/fr\/wp-json\/wp\/v2\/users\/3"}],"replies":[{"embeddable":true,"href":"https:\/\/strandproperties.com\/fr\/wp-json\/wp\/v2\/comments?post=3323"}],"version-history":[{"count":6,"href":"https:\/\/strandproperties.com\/fr\/wp-json\/wp\/v2\/pages\/3323\/revisions"}],"predecessor-version":[{"id":39679,"href":"https:\/\/strandproperties.com\/fr\/wp-json\/wp\/v2\/pages\/3323\/revisions\/39679"}],"wp:attachment":[{"href":"https:\/\/strandproperties.com\/fr\/wp-json\/wp\/v2\/media?parent=3323"}],"curies":[{"name":"wp","href":"https:\/\/api.w.org\/{rel}","templated":true}]}}