{"id":39348,"date":"2025-05-22T07:15:19","date_gmt":"2025-05-22T07:15:19","guid":{"rendered":"https:\/\/strandproperties.com\/for-rent\/your-dream-holiday-home-awaits\/"},"modified":"2025-06-26T13:22:29","modified_gmt":"2025-06-26T13:22:29","slug":"votre-maison-de-vacances-de-reve-vous-attend","status":"publish","type":"page","link":"https:\/\/strandproperties.com\/fr\/for-rent\/votre-maison-de-vacances-de-reve-vous-attend\/","title":{"rendered":"Votre maison de vacances de r\u00eave vous attend"},"content":{"rendered":"","protected":false},"excerpt":{"rendered":"","protected":false},"author":212,"featured_media":38499,"parent":32315,"menu_order":0,"comment_status":"closed","ping_status":"closed","template":"page-blocks-new.php","meta":{"_acf_changed":false,"footnotes":""},"class_list":["post-39348","page","type-page","status-publish","has-post-thumbnail","hentry"],"acf":[],"yoast_head":"<!-- This site is optimized with the Yoast SEO plugin v27.1.1 - https:\/\/yoast.com\/product\/yoast-seo-wordpress\/ -->\n<title>\u00c0 propos de Strand Rentals<\/title>\n<meta name=\"description\" content=\"D\u00e9couvrez notre collection de maisons de vacances tri\u00e9es sur le volet dans les zones les plus recherch\u00e9es \u2013 de Marbella \u00e0 la vieille ville de Malaga et au-del\u00e0. Chaque maison de vacances est s\u00e9lectionn\u00e9e pour son confort, son style et son emplacement, vous offrant le cadre id\u00e9al pour votre escapade sur la Costa del Sol.\" \/>\n<meta name=\"robots\" content=\"index, follow, max-snippet:-1, max-image-preview:large, max-video-preview:-1\" \/>\n<link rel=\"canonical\" href=\"https:\/\/strandproperties.com\/fr\/for-rent\/votre-maison-de-vacances-de-reve-vous-attend\/\" \/>\n<meta property=\"og:locale\" content=\"fr_FR\" \/>\n<meta property=\"og:type\" content=\"article\" \/>\n<meta property=\"og:title\" content=\"\u00c0 propos de Strand Rentals\" \/>\n<meta property=\"og:description\" content=\"D\u00e9couvrez notre collection de maisons de vacances tri\u00e9es sur le volet dans les zones les plus recherch\u00e9es \u2013 de Marbella \u00e0 la vieille ville de Malaga et au-del\u00e0. Chaque maison de vacances est s\u00e9lectionn\u00e9e pour son confort, son style et son emplacement, vous offrant le cadre id\u00e9al pour votre escapade sur la Costa del Sol.\" \/>\n<meta property=\"og:url\" content=\"https:\/\/strandproperties.com\/fr\/for-rent\/votre-maison-de-vacances-de-reve-vous-attend\/\" \/>\n<meta property=\"og:site_name\" content=\"Strand Properties\" \/>\n<meta property=\"article:publisher\" content=\"https:\/\/www.facebook.com\/strandspain\/\" \/>\n<meta property=\"article:modified_time\" content=\"2025-06-26T13:22:29+00:00\" \/>\n<meta property=\"og:image\" content=\"https:\/\/strandproperties.com\/wp-content\/uploads\/2025\/05\/4s9a8842-scaled.jpg\" \/>\n\t<meta property=\"og:image:width\" content=\"1707\" \/>\n\t<meta property=\"og:image:height\" content=\"2560\" \/>\n\t<meta property=\"og:image:type\" content=\"image\/jpeg\" \/>\n<meta name=\"twitter:card\" content=\"summary_large_image\" \/>\n<meta name=\"twitter:label1\" content=\"Dur\u00e9e de lecture estim\u00e9e\" \/>\n\t<meta name=\"twitter:data1\" content=\"1 minute\" \/>\n<script type=\"application\/ld+json\" class=\"yoast-schema-graph\">{\"@context\":\"https:\/\/schema.org\",\"@graph\":[{\"@type\":\"WebPage\",\"@id\":\"https:\/\/strandproperties.com\/fr\/for-rent\/votre-maison-de-vacances-de-reve-vous-attend\/\",\"url\":\"https:\/\/strandproperties.com\/fr\/for-rent\/votre-maison-de-vacances-de-reve-vous-attend\/\",\"name\":\"\u00c0 propos de Strand Rentals\",\"isPartOf\":{\"@id\":\"https:\/\/strandproperties.com\/fi\/#website\"},\"primaryImageOfPage\":{\"@id\":\"https:\/\/strandproperties.com\/fr\/for-rent\/votre-maison-de-vacances-de-reve-vous-attend\/#primaryimage\"},\"image\":{\"@id\":\"https:\/\/strandproperties.com\/fr\/for-rent\/votre-maison-de-vacances-de-reve-vous-attend\/#primaryimage\"},\"thumbnailUrl\":\"https:\/\/strandproperties.com\/wp-content\/uploads\/2025\/05\/4s9a8842-scaled.jpg\",\"datePublished\":\"2025-05-22T07:15:19+00:00\",\"dateModified\":\"2025-06-26T13:22:29+00:00\",\"description\":\"D\u00e9couvrez notre collection de maisons de vacances tri\u00e9es sur le volet dans les zones les plus recherch\u00e9es \u2013 de Marbella \u00e0 la vieille ville de Malaga et au-del\u00e0. Chaque maison de vacances est s\u00e9lectionn\u00e9e pour son confort, son style et son emplacement, vous offrant le cadre id\u00e9al pour votre escapade sur la Costa del Sol.\",\"breadcrumb\":{\"@id\":\"https:\/\/strandproperties.com\/fr\/for-rent\/votre-maison-de-vacances-de-reve-vous-attend\/#breadcrumb\"},\"inLanguage\":\"fr-FR\",\"potentialAction\":[{\"@type\":\"ReadAction\",\"target\":[\"https:\/\/strandproperties.com\/fr\/for-rent\/votre-maison-de-vacances-de-reve-vous-attend\/\"]}]},{\"@type\":\"ImageObject\",\"inLanguage\":\"fr-FR\",\"@id\":\"https:\/\/strandproperties.com\/fr\/for-rent\/votre-maison-de-vacances-de-reve-vous-attend\/#primaryimage\",\"url\":\"https:\/\/strandproperties.com\/wp-content\/uploads\/2025\/05\/4s9a8842-scaled.jpg\",\"contentUrl\":\"https:\/\/strandproperties.com\/wp-content\/uploads\/2025\/05\/4s9a8842-scaled.jpg\",\"width\":1707,\"height\":2560},{\"@type\":\"BreadcrumbList\",\"@id\":\"https:\/\/strandproperties.com\/fr\/for-rent\/votre-maison-de-vacances-de-reve-vous-attend\/#breadcrumb\",\"itemListElement\":[{\"@type\":\"ListItem\",\"position\":1,\"name\":\"Home\",\"item\":\"https:\/\/strandproperties.com\/fr\/\"},{\"@type\":\"ListItem\",\"position\":2,\"name\":\"For Rent\",\"item\":\"https:\/\/strandproperties.com\/fr\/for-rent\/\"},{\"@type\":\"ListItem\",\"position\":3,\"name\":\"Votre maison de vacances de r\u00eave vous attend\"}]},{\"@type\":\"WebSite\",\"@id\":\"https:\/\/strandproperties.com\/fi\/#website\",\"url\":\"https:\/\/strandproperties.com\/fi\/\",\"name\":\"Strand Properties\",\"description\":\"-\",\"publisher\":{\"@id\":\"https:\/\/strandproperties.com\/fi\/#organization\"},\"potentialAction\":[{\"@type\":\"SearchAction\",\"target\":{\"@type\":\"EntryPoint\",\"urlTemplate\":\"https:\/\/strandproperties.com\/fi\/?s={search_term_string}\"},\"query-input\":{\"@type\":\"PropertyValueSpecification\",\"valueRequired\":true,\"valueName\":\"search_term_string\"}}],\"inLanguage\":\"fr-FR\"},{\"@type\":\"Organization\",\"@id\":\"https:\/\/strandproperties.com\/fi\/#organization\",\"name\":\"Strand Properties\",\"url\":\"https:\/\/strandproperties.com\/fi\/\",\"logo\":{\"@type\":\"ImageObject\",\"inLanguage\":\"fr-FR\",\"@id\":\"https:\/\/strandproperties.com\/fi\/#\/schema\/logo\/image\/\",\"url\":\"https:\/\/strandproperties.com\/wp-content\/uploads\/2020\/06\/strand-properties-logo.jpg\",\"contentUrl\":\"https:\/\/strandproperties.com\/wp-content\/uploads\/2020\/06\/strand-properties-logo.jpg\",\"width\":1200,\"height\":750,\"caption\":\"Strand Properties\"},\"image\":{\"@id\":\"https:\/\/strandproperties.com\/fi\/#\/schema\/logo\/image\/\"},\"sameAs\":[\"https:\/\/www.facebook.com\/strandspain\/\",\"https:\/\/www.instagram.com\/strandproperties\/\"]}]}<\/script>\n<!-- \/ Yoast SEO plugin. -->","yoast_head_json":{"title":"\u00c0 propos de Strand Rentals","description":"D\u00e9couvrez notre collection de maisons de vacances tri\u00e9es sur le volet dans les zones les plus recherch\u00e9es \u2013 de Marbella \u00e0 la vieille ville de Malaga et au-del\u00e0. Chaque maison de vacances est s\u00e9lectionn\u00e9e pour son confort, son style et son emplacement, vous offrant le cadre id\u00e9al pour votre escapade sur la Costa del Sol.","robots":{"index":"index","follow":"follow","max-snippet":"max-snippet:-1","max-image-preview":"max-image-preview:large","max-video-preview":"max-video-preview:-1"},"canonical":"https:\/\/strandproperties.com\/fr\/for-rent\/votre-maison-de-vacances-de-reve-vous-attend\/","og_locale":"fr_FR","og_type":"article","og_title":"\u00c0 propos de Strand Rentals","og_description":"D\u00e9couvrez notre collection de maisons de vacances tri\u00e9es sur le volet dans les zones les plus recherch\u00e9es \u2013 de Marbella \u00e0 la vieille ville de Malaga et au-del\u00e0. Chaque maison de vacances est s\u00e9lectionn\u00e9e pour son confort, son style et son emplacement, vous offrant le cadre id\u00e9al pour votre escapade sur la Costa del Sol.","og_url":"https:\/\/strandproperties.com\/fr\/for-rent\/votre-maison-de-vacances-de-reve-vous-attend\/","og_site_name":"Strand Properties","article_publisher":"https:\/\/www.facebook.com\/strandspain\/","article_modified_time":"2025-06-26T13:22:29+00:00","og_image":[{"width":1707,"height":2560,"url":"https:\/\/strandproperties.com\/wp-content\/uploads\/2025\/05\/4s9a8842-scaled.jpg","type":"image\/jpeg"}],"twitter_card":"summary_large_image","twitter_misc":{"Dur\u00e9e de lecture estim\u00e9e":"1 minute"},"schema":{"@context":"https:\/\/schema.org","@graph":[{"@type":"WebPage","@id":"https:\/\/strandproperties.com\/fr\/for-rent\/votre-maison-de-vacances-de-reve-vous-attend\/","url":"https:\/\/strandproperties.com\/fr\/for-rent\/votre-maison-de-vacances-de-reve-vous-attend\/","name":"\u00c0 propos de Strand Rentals","isPartOf":{"@id":"https:\/\/strandproperties.com\/fi\/#website"},"primaryImageOfPage":{"@id":"https:\/\/strandproperties.com\/fr\/for-rent\/votre-maison-de-vacances-de-reve-vous-attend\/#primaryimage"},"image":{"@id":"https:\/\/strandproperties.com\/fr\/for-rent\/votre-maison-de-vacances-de-reve-vous-attend\/#primaryimage"},"thumbnailUrl":"https:\/\/strandproperties.com\/wp-content\/uploads\/2025\/05\/4s9a8842-scaled.jpg","datePublished":"2025-05-22T07:15:19+00:00","dateModified":"2025-06-26T13:22:29+00:00","description":"D\u00e9couvrez notre collection de maisons de vacances tri\u00e9es sur le volet dans les zones les plus recherch\u00e9es \u2013 de Marbella \u00e0 la vieille ville de Malaga et au-del\u00e0. Chaque maison de vacances est s\u00e9lectionn\u00e9e pour son confort, son style et son emplacement, vous offrant le cadre id\u00e9al pour votre escapade sur la Costa del Sol.","breadcrumb":{"@id":"https:\/\/strandproperties.com\/fr\/for-rent\/votre-maison-de-vacances-de-reve-vous-attend\/#breadcrumb"},"inLanguage":"fr-FR","potentialAction":[{"@type":"ReadAction","target":["https:\/\/strandproperties.com\/fr\/for-rent\/votre-maison-de-vacances-de-reve-vous-attend\/"]}]},{"@type":"ImageObject","inLanguage":"fr-FR","@id":"https:\/\/strandproperties.com\/fr\/for-rent\/votre-maison-de-vacances-de-reve-vous-attend\/#primaryimage","url":"https:\/\/strandproperties.com\/wp-content\/uploads\/2025\/05\/4s9a8842-scaled.jpg","contentUrl":"https:\/\/strandproperties.com\/wp-content\/uploads\/2025\/05\/4s9a8842-scaled.jpg","width":1707,"height":2560},{"@type":"BreadcrumbList","@id":"https:\/\/strandproperties.com\/fr\/for-rent\/votre-maison-de-vacances-de-reve-vous-attend\/#breadcrumb","itemListElement":[{"@type":"ListItem","position":1,"name":"Home","item":"https:\/\/strandproperties.com\/fr\/"},{"@type":"ListItem","position":2,"name":"For Rent","item":"https:\/\/strandproperties.com\/fr\/for-rent\/"},{"@type":"ListItem","position":3,"name":"Votre maison de vacances de r\u00eave vous attend"}]},{"@type":"WebSite","@id":"https:\/\/strandproperties.com\/fi\/#website","url":"https:\/\/strandproperties.com\/fi\/","name":"Strand Properties","description":"-","publisher":{"@id":"https:\/\/strandproperties.com\/fi\/#organization"},"potentialAction":[{"@type":"SearchAction","target":{"@type":"EntryPoint","urlTemplate":"https:\/\/strandproperties.com\/fi\/?s={search_term_string}"},"query-input":{"@type":"PropertyValueSpecification","valueRequired":true,"valueName":"search_term_string"}}],"inLanguage":"fr-FR"},{"@type":"Organization","@id":"https:\/\/strandproperties.com\/fi\/#organization","name":"Strand Properties","url":"https:\/\/strandproperties.com\/fi\/","logo":{"@type":"ImageObject","inLanguage":"fr-FR","@id":"https:\/\/strandproperties.com\/fi\/#\/schema\/logo\/image\/","url":"https:\/\/strandproperties.com\/wp-content\/uploads\/2020\/06\/strand-properties-logo.jpg","contentUrl":"https:\/\/strandproperties.com\/wp-content\/uploads\/2020\/06\/strand-properties-logo.jpg","width":1200,"height":750,"caption":"Strand Properties"},"image":{"@id":"https:\/\/strandproperties.com\/fi\/#\/schema\/logo\/image\/"},"sameAs":["https:\/\/www.facebook.com\/strandspain\/","https:\/\/www.instagram.com\/strandproperties\/"]}]}},"_links":{"self":[{"href":"https:\/\/strandproperties.com\/fr\/wp-json\/wp\/v2\/pages\/39348","targetHints":{"allow":["GET"]}}],"collection":[{"href":"https:\/\/strandproperties.com\/fr\/wp-json\/wp\/v2\/pages"}],"about":[{"href":"https:\/\/strandproperties.com\/fr\/wp-json\/wp\/v2\/types\/page"}],"author":[{"embeddable":true,"href":"https:\/\/strandproperties.com\/fr\/wp-json\/wp\/v2\/users\/212"}],"replies":[{"embeddable":true,"href":"https:\/\/strandproperties.com\/fr\/wp-json\/wp\/v2\/comments?post=39348"}],"version-history":[{"count":3,"href":"https:\/\/strandproperties.com\/fr\/wp-json\/wp\/v2\/pages\/39348\/revisions"}],"predecessor-version":[{"id":39485,"href":"https:\/\/strandproperties.com\/fr\/wp-json\/wp\/v2\/pages\/39348\/revisions\/39485"}],"up":[{"embeddable":true,"href":"https:\/\/strandproperties.com\/fr\/wp-json\/wp\/v2\/pages\/32315"}],"wp:featuredmedia":[{"embeddable":true,"href":"https:\/\/strandproperties.com\/fr\/wp-json\/wp\/v2\/media\/38499"}],"wp:attachment":[{"href":"https:\/\/strandproperties.com\/fr\/wp-json\/wp\/v2\/media?parent=39348"}],"curies":[{"name":"wp","href":"https:\/\/api.w.org\/{rel}","templated":true}]}}